{"id":9949,"date":"2023-01-24T18:47:14","date_gmt":"2023-01-24T15:47:14","guid":{"rendered":"https:\/\/summerdesign.ee\/toode\/kartongist-valjaloige-kulalisteraamat-1tk\/"},"modified":"2025-10-21T20:23:37","modified_gmt":"2025-10-21T17:23:37","slug":"kartongist-valjaloige-kulalisteraamat-1tk","status":"publish","type":"product","link":"https:\/\/summerdesign.ee\/en\/pood\/paber\/paber-valjaloiked\/kartongist-valjaloige-kulalisteraamat-1tk\/","title":{"rendered":"Kartongist v\u00e4ljal\u00f5ige &#8220;K\u00fclalisteraamat&#8221; 1tk"},"content":{"rendered":"","protected":false},"excerpt":{"rendered":"<p>Ooteaeg: 1-2 t\u00f6\u00f6p\u00e4eva M\u00f5\u00f5t: teksti laius 15 cm Pakis: 1tk<\/p>","protected":false},"featured_media":0,"template":"","meta":[],"product_brand":[],"product_cat":[280],"product_tag":[],"class_list":{"0":"post-9949","1":"product","2":"type-product","3":"status-publish","5":"product_cat-paber-valjaloiked","7":"first","8":"outofstock","9":"taxable","10":"shipping-taxable","11":"purchasable","12":"product-type-simple","13":"prodpage-classic"},"_links":{"self":[{"href":"https:\/\/summerdesign.ee\/en\/wp-json\/wp\/v2\/product\/9949","targetHints":{"allow":["GET"]}}],"collection":[{"href":"https:\/\/summerdesign.ee\/en\/wp-json\/wp\/v2\/product"}],"about":[{"href":"https:\/\/summerdesign.ee\/en\/wp-json\/wp\/v2\/types\/product"}],"wp:attachment":[{"href":"https:\/\/summerdesign.ee\/en\/wp-json\/wp\/v2\/media?parent=9949"}],"wp:term":[{"taxonomy":"product_brand","embeddable":true,"href":"https:\/\/summerdesign.ee\/en\/wp-json\/wp\/v2\/product_brand?post=9949"},{"taxonomy":"product_cat","embeddable":true,"href":"https:\/\/summerdesign.ee\/en\/wp-json\/wp\/v2\/product_cat?post=9949"},{"taxonomy":"product_tag","embeddable":true,"href":"https:\/\/summerdesign.ee\/en\/wp-json\/wp\/v2\/product_tag?post=9949"}],"curies":[{"name":"wp","href":"https:\/\/api.w.org\/{rel}","templated":true}]}}