{"id":9948,"date":"2023-01-24T18:47:13","date_gmt":"2023-01-24T15:47:13","guid":{"rendered":"https:\/\/summerdesign.ee\/toode\/glitterkartongist-valjaloiked-tumesinine-4tk-head-kooliteed-abc\/"},"modified":"2025-10-21T20:21:48","modified_gmt":"2025-10-21T17:21:48","slug":"glitterkartongist-valjaloiked-tumesinine-4tk-head-kooliteed-abc","status":"publish","type":"product","link":"https:\/\/summerdesign.ee\/en\/pood\/paber\/paber-valjaloiked\/glitterkartongist-valjaloiked-tumesinine-4tk-head-kooliteed-abc\/","title":{"rendered":"Glitterkartongist v\u00e4ljal\u00f5iked tumesinine 4tk &#8211; Head kooliteed ABC"},"content":{"rendered":"","protected":false},"excerpt":{"rendered":"<p>V\u00e4ljal\u00f5ike m\u00f5\u00f5t: 70*38mm<\/p>","protected":false},"featured_media":10441,"template":"","meta":[],"product_brand":[],"product_cat":[280],"product_tag":[],"class_list":{"0":"post-9948","1":"product","2":"type-product","3":"status-publish","4":"has-post-thumbnail","6":"product_cat-paber-valjaloiked","8":"first","9":"instock","10":"taxable","11":"shipping-taxable","12":"purchasable","13":"product-type-simple","14":"prodpage-classic"},"_links":{"self":[{"href":"https:\/\/summerdesign.ee\/en\/wp-json\/wp\/v2\/product\/9948","targetHints":{"allow":["GET"]}}],"collection":[{"href":"https:\/\/summerdesign.ee\/en\/wp-json\/wp\/v2\/product"}],"about":[{"href":"https:\/\/summerdesign.ee\/en\/wp-json\/wp\/v2\/types\/product"}],"wp:featuredmedia":[{"embeddable":true,"href":"https:\/\/summerdesign.ee\/en\/wp-json\/wp\/v2\/media\/10441"}],"wp:attachment":[{"href":"https:\/\/summerdesign.ee\/en\/wp-json\/wp\/v2\/media?parent=9948"}],"wp:term":[{"taxonomy":"product_brand","embeddable":true,"href":"https:\/\/summerdesign.ee\/en\/wp-json\/wp\/v2\/product_brand?post=9948"},{"taxonomy":"product_cat","embeddable":true,"href":"https:\/\/summerdesign.ee\/en\/wp-json\/wp\/v2\/product_cat?post=9948"},{"taxonomy":"product_tag","embeddable":true,"href":"https:\/\/summerdesign.ee\/en\/wp-json\/wp\/v2\/product_tag?post=9948"}],"curies":[{"name":"wp","href":"https:\/\/api.w.org\/{rel}","templated":true}]}}