{"id":9930,"date":"2023-01-24T18:47:05","date_gmt":"2023-01-24T15:47:05","guid":{"rendered":"https:\/\/summerdesign.ee\/toode\/glitterkartongist-valjaloiked-4tk-tumesinine-palju-onne\/"},"modified":"2025-10-21T20:21:28","modified_gmt":"2025-10-21T17:21:28","slug":"glitterkartongist-valjaloiked-4tk-tumesinine-palju-onne","status":"publish","type":"product","link":"https:\/\/summerdesign.ee\/en\/pood\/paber\/paber-valjaloiked\/glitterkartongist-valjaloiked-4tk-tumesinine-palju-onne\/","title":{"rendered":"Glitterkartongist v\u00e4ljal\u00f5iked 4tk tumesinine &#8211; Palju \u00f5nne"},"content":{"rendered":"","protected":false},"excerpt":{"rendered":"<p>V\u00e4ljal\u00f5ike m\u00f5\u00f5t: palju 45*25mm, \u00f5nne! 40*23mm<\/p>","protected":false},"featured_media":0,"template":"","meta":[],"product_brand":[],"product_cat":[280],"product_tag":[],"class_list":{"0":"post-9930","1":"product","2":"type-product","3":"status-publish","5":"product_cat-paber-valjaloiked","7":"first","8":"outofstock","9":"taxable","10":"shipping-taxable","11":"purchasable","12":"product-type-simple","13":"prodpage-classic"},"_links":{"self":[{"href":"https:\/\/summerdesign.ee\/en\/wp-json\/wp\/v2\/product\/9930","targetHints":{"allow":["GET"]}}],"collection":[{"href":"https:\/\/summerdesign.ee\/en\/wp-json\/wp\/v2\/product"}],"about":[{"href":"https:\/\/summerdesign.ee\/en\/wp-json\/wp\/v2\/types\/product"}],"wp:attachment":[{"href":"https:\/\/summerdesign.ee\/en\/wp-json\/wp\/v2\/media?parent=9930"}],"wp:term":[{"taxonomy":"product_brand","embeddable":true,"href":"https:\/\/summerdesign.ee\/en\/wp-json\/wp\/v2\/product_brand?post=9930"},{"taxonomy":"product_cat","embeddable":true,"href":"https:\/\/summerdesign.ee\/en\/wp-json\/wp\/v2\/product_cat?post=9930"},{"taxonomy":"product_tag","embeddable":true,"href":"https:\/\/summerdesign.ee\/en\/wp-json\/wp\/v2\/product_tag?post=9930"}],"curies":[{"name":"wp","href":"https:\/\/api.w.org\/{rel}","templated":true}]}}