{"id":9916,"date":"2023-01-24T18:46:59","date_gmt":"2023-01-24T15:46:59","guid":{"rendered":"https:\/\/summerdesign.ee\/toode\/glitterkartongist-valjaloiked-tumesinine-4tk-maailma-parim-isa\/"},"modified":"2025-10-21T20:23:58","modified_gmt":"2025-10-21T17:23:58","slug":"glitterkartongist-valjaloiked-tumesinine-4tk-maailma-parim-isa","status":"publish","type":"product","link":"https:\/\/summerdesign.ee\/en\/pood\/paber\/paber-valjaloiked\/glitterkartongist-valjaloiked-tumesinine-4tk-maailma-parim-isa\/","title":{"rendered":"Glitterkartongist v\u00e4ljal\u00f5iked tumesinine 4tk &#8211; &#8220;Maailma parim isa&#8221;"},"content":{"rendered":"","protected":false},"excerpt":{"rendered":"<p>V\u00e4ljal\u00f5ike m\u00f5\u00f5t 7*3,5cm<\/p>","protected":false},"featured_media":0,"template":"","meta":[],"product_brand":[],"product_cat":[280],"product_tag":[],"class_list":{"0":"post-9916","1":"product","2":"type-product","3":"status-publish","5":"product_cat-paber-valjaloiked","7":"first","8":"instock","9":"taxable","10":"shipping-taxable","11":"purchasable","12":"product-type-simple","13":"prodpage-classic"},"_links":{"self":[{"href":"https:\/\/summerdesign.ee\/en\/wp-json\/wp\/v2\/product\/9916","targetHints":{"allow":["GET"]}}],"collection":[{"href":"https:\/\/summerdesign.ee\/en\/wp-json\/wp\/v2\/product"}],"about":[{"href":"https:\/\/summerdesign.ee\/en\/wp-json\/wp\/v2\/types\/product"}],"wp:attachment":[{"href":"https:\/\/summerdesign.ee\/en\/wp-json\/wp\/v2\/media?parent=9916"}],"wp:term":[{"taxonomy":"product_brand","embeddable":true,"href":"https:\/\/summerdesign.ee\/en\/wp-json\/wp\/v2\/product_brand?post=9916"},{"taxonomy":"product_cat","embeddable":true,"href":"https:\/\/summerdesign.ee\/en\/wp-json\/wp\/v2\/product_cat?post=9916"},{"taxonomy":"product_tag","embeddable":true,"href":"https:\/\/summerdesign.ee\/en\/wp-json\/wp\/v2\/product_tag?post=9916"}],"curies":[{"name":"wp","href":"https:\/\/api.w.org\/{rel}","templated":true}]}}