{"id":9913,"date":"2023-01-24T18:46:58","date_gmt":"2023-01-24T15:46:58","guid":{"rendered":"https:\/\/summerdesign.ee\/toode\/kartongist-valjaloiked-8tk-must-vuntsid\/"},"modified":"2025-10-21T20:20:33","modified_gmt":"2025-10-21T17:20:33","slug":"kartongist-valjaloiked-8tk-must-vuntsid","status":"publish","type":"product","link":"https:\/\/summerdesign.ee\/en\/pood\/paber\/paber-valjaloiked\/kartongist-valjaloiked-8tk-must-vuntsid\/","title":{"rendered":"Kartongist v\u00e4ljal\u00f5iked 8tk must &#8211; vuntsid"},"content":{"rendered":"","protected":false},"excerpt":{"rendered":"<p>Pakis on 8 v\u00e4ljal\u00f5iget 300g kartongist! V\u00e4ljal\u00f5ike m\u00f5\u00f5t: 6*2cm<\/p>","protected":false},"featured_media":0,"template":"","meta":[],"product_brand":[],"product_cat":[280],"product_tag":[],"class_list":{"0":"post-9913","1":"product","2":"type-product","3":"status-publish","5":"product_cat-paber-valjaloiked","7":"first","8":"outofstock","9":"taxable","10":"shipping-taxable","11":"purchasable","12":"product-type-simple","13":"prodpage-classic"},"_links":{"self":[{"href":"https:\/\/summerdesign.ee\/en\/wp-json\/wp\/v2\/product\/9913","targetHints":{"allow":["GET"]}}],"collection":[{"href":"https:\/\/summerdesign.ee\/en\/wp-json\/wp\/v2\/product"}],"about":[{"href":"https:\/\/summerdesign.ee\/en\/wp-json\/wp\/v2\/types\/product"}],"wp:attachment":[{"href":"https:\/\/summerdesign.ee\/en\/wp-json\/wp\/v2\/media?parent=9913"}],"wp:term":[{"taxonomy":"product_brand","embeddable":true,"href":"https:\/\/summerdesign.ee\/en\/wp-json\/wp\/v2\/product_brand?post=9913"},{"taxonomy":"product_cat","embeddable":true,"href":"https:\/\/summerdesign.ee\/en\/wp-json\/wp\/v2\/product_cat?post=9913"},{"taxonomy":"product_tag","embeddable":true,"href":"https:\/\/summerdesign.ee\/en\/wp-json\/wp\/v2\/product_tag?post=9913"}],"curies":[{"name":"wp","href":"https:\/\/api.w.org\/{rel}","templated":true}]}}