{"id":9891,"date":"2023-01-24T18:46:50","date_gmt":"2023-01-24T15:46:50","guid":{"rendered":"https:\/\/summerdesign.ee\/toode\/glitterkartongist-valjaloiked-hobe-numbrid\/"},"modified":"2025-10-21T20:24:40","modified_gmt":"2025-10-21T17:24:40","slug":"valjaloiked-taustaga-haid-puhi","status":"publish","type":"product","link":"https:\/\/summerdesign.ee\/en\/pood\/paber\/paber-valjaloiked\/valjaloiked-taustaga-haid-puhi\/","title":{"rendered":"V\u00e4ljal\u00f5iked taustaga 5 + 5 tk &#8211; H\u00e4id p\u00fchi!"},"content":{"rendered":"<p>V\u00e4ljal\u00f5igete tegemisel on kasutatud Kristel Templid ettev\u00f5tte l\u00f5iketerasid.<\/p>","protected":false},"excerpt":{"rendered":"<p>Toode on ettetellimisega ja ooteaeg on 2-3 t\u00f6\u00f6p\u00e4eva!<\/p>\n<p>M\u00f5\u00f5dud: 64 x 66 mm<br \/>\nPakis: 5 kirja (kuldne peegel) ja 5 tausta (valge)<\/p>","protected":false},"featured_media":16563,"template":"","meta":[],"product_brand":[],"product_cat":[280],"product_tag":[],"class_list":{"0":"post-9891","1":"product","2":"type-product","3":"status-publish","4":"has-post-thumbnail","6":"product_cat-paber-valjaloiked","8":"first","9":"outofstock","10":"taxable","11":"shipping-taxable","12":"purchasable","13":"product-type-simple","14":"prodpage-classic"},"_links":{"self":[{"href":"https:\/\/summerdesign.ee\/en\/wp-json\/wp\/v2\/product\/9891","targetHints":{"allow":["GET"]}}],"collection":[{"href":"https:\/\/summerdesign.ee\/en\/wp-json\/wp\/v2\/product"}],"about":[{"href":"https:\/\/summerdesign.ee\/en\/wp-json\/wp\/v2\/types\/product"}],"wp:featuredmedia":[{"embeddable":true,"href":"https:\/\/summerdesign.ee\/en\/wp-json\/wp\/v2\/media\/16563"}],"wp:attachment":[{"href":"https:\/\/summerdesign.ee\/en\/wp-json\/wp\/v2\/media?parent=9891"}],"wp:term":[{"taxonomy":"product_brand","embeddable":true,"href":"https:\/\/summerdesign.ee\/en\/wp-json\/wp\/v2\/product_brand?post=9891"},{"taxonomy":"product_cat","embeddable":true,"href":"https:\/\/summerdesign.ee\/en\/wp-json\/wp\/v2\/product_cat?post=9891"},{"taxonomy":"product_tag","embeddable":true,"href":"https:\/\/summerdesign.ee\/en\/wp-json\/wp\/v2\/product_tag?post=9891"}],"curies":[{"name":"wp","href":"https:\/\/api.w.org\/{rel}","templated":true}]}}