{"id":9878,"date":"2023-01-24T18:46:44","date_gmt":"2023-01-24T15:46:44","guid":{"rendered":"https:\/\/summerdesign.ee\/toode\/glitterkartongist-valjaloiked-4tk-kuldne-palju-onne-ukssarvikuga\/"},"modified":"2025-10-21T20:22:14","modified_gmt":"2025-10-21T17:22:14","slug":"glitterkartongist-valjaloiked-4tk-kuldne-palju-onne-ukssarvikuga","status":"publish","type":"product","link":"https:\/\/summerdesign.ee\/en\/pood\/paber\/paber-valjaloiked\/glitterkartongist-valjaloiked-4tk-kuldne-palju-onne-ukssarvikuga\/","title":{"rendered":"V\u00e4ljal\u00f5iked 4tk glitter kuldne &#8211; palju \u00f5nne \u00fckssarvikuga"},"content":{"rendered":"","protected":false},"excerpt":{"rendered":"<p>M\u00f5\u00f5t: 80 x 55 mm<\/p>","protected":false},"featured_media":9968,"template":"","meta":[],"product_brand":[],"product_cat":[280],"product_tag":[],"class_list":{"0":"post-9878","1":"product","2":"type-product","3":"status-publish","4":"has-post-thumbnail","6":"product_cat-paber-valjaloiked","8":"first","9":"instock","10":"taxable","11":"shipping-taxable","12":"purchasable","13":"product-type-simple","14":"prodpage-classic"},"_links":{"self":[{"href":"https:\/\/summerdesign.ee\/en\/wp-json\/wp\/v2\/product\/9878","targetHints":{"allow":["GET"]}}],"collection":[{"href":"https:\/\/summerdesign.ee\/en\/wp-json\/wp\/v2\/product"}],"about":[{"href":"https:\/\/summerdesign.ee\/en\/wp-json\/wp\/v2\/types\/product"}],"wp:featuredmedia":[{"embeddable":true,"href":"https:\/\/summerdesign.ee\/en\/wp-json\/wp\/v2\/media\/9968"}],"wp:attachment":[{"href":"https:\/\/summerdesign.ee\/en\/wp-json\/wp\/v2\/media?parent=9878"}],"wp:term":[{"taxonomy":"product_brand","embeddable":true,"href":"https:\/\/summerdesign.ee\/en\/wp-json\/wp\/v2\/product_brand?post=9878"},{"taxonomy":"product_cat","embeddable":true,"href":"https:\/\/summerdesign.ee\/en\/wp-json\/wp\/v2\/product_cat?post=9878"},{"taxonomy":"product_tag","embeddable":true,"href":"https:\/\/summerdesign.ee\/en\/wp-json\/wp\/v2\/product_tag?post=9878"}],"curies":[{"name":"wp","href":"https:\/\/api.w.org\/{rel}","templated":true}]}}