{"id":9868,"date":"2023-01-24T18:46:39","date_gmt":"2023-01-24T15:46:39","guid":{"rendered":"https:\/\/summerdesign.ee\/toode\/kartongist-valjaloiked-pruun-lopetamise-muts-ja-loodusvalge-diplom\/"},"modified":"2025-10-21T20:26:27","modified_gmt":"2025-10-21T17:26:27","slug":"kartongist-valjaloiked-pruun-lopetamise-muts-ja-loodusvalge-diplom","status":"publish","type":"product","link":"https:\/\/summerdesign.ee\/en\/pood\/paber\/paber-valjaloiked\/kartongist-valjaloiked-pruun-lopetamise-muts-ja-loodusvalge-diplom\/","title":{"rendered":"V\u00e4ljal\u00f5iked &#8211; pruun l\u00f5petamise m\u00fcts ja loodusvalge diplom"},"content":{"rendered":"","protected":false},"excerpt":{"rendered":"<p>M\u00fcts: 77 x 59 mm<br \/>\nDiplom: 55 x 28 mm<br \/>\nPakis 3 m\u00fctsi ja 3 diplomit. <\/p>","protected":false},"featured_media":9983,"template":"","meta":[],"product_brand":[],"product_cat":[280],"product_tag":[],"class_list":{"0":"post-9868","1":"product","2":"type-product","3":"status-publish","4":"has-post-thumbnail","6":"product_cat-paber-valjaloiked","8":"first","9":"instock","10":"taxable","11":"shipping-taxable","12":"purchasable","13":"product-type-simple","14":"prodpage-classic"},"_links":{"self":[{"href":"https:\/\/summerdesign.ee\/en\/wp-json\/wp\/v2\/product\/9868","targetHints":{"allow":["GET"]}}],"collection":[{"href":"https:\/\/summerdesign.ee\/en\/wp-json\/wp\/v2\/product"}],"about":[{"href":"https:\/\/summerdesign.ee\/en\/wp-json\/wp\/v2\/types\/product"}],"wp:featuredmedia":[{"embeddable":true,"href":"https:\/\/summerdesign.ee\/en\/wp-json\/wp\/v2\/media\/9983"}],"wp:attachment":[{"href":"https:\/\/summerdesign.ee\/en\/wp-json\/wp\/v2\/media?parent=9868"}],"wp:term":[{"taxonomy":"product_brand","embeddable":true,"href":"https:\/\/summerdesign.ee\/en\/wp-json\/wp\/v2\/product_brand?post=9868"},{"taxonomy":"product_cat","embeddable":true,"href":"https:\/\/summerdesign.ee\/en\/wp-json\/wp\/v2\/product_cat?post=9868"},{"taxonomy":"product_tag","embeddable":true,"href":"https:\/\/summerdesign.ee\/en\/wp-json\/wp\/v2\/product_tag?post=9868"}],"curies":[{"name":"wp","href":"https:\/\/api.w.org\/{rel}","templated":true}]}}