{"id":9860,"date":"2023-01-22T20:16:56","date_gmt":"2023-01-22T17:16:56","guid":{"rendered":"https:\/\/summerdesign.ee\/toode\/votmehoidja-suda-roosa\/"},"modified":"2024-10-27T15:43:51","modified_gmt":"2024-10-27T12:43:51","slug":"votmehoidja-suda-roosa","status":"publish","type":"product","link":"https:\/\/summerdesign.ee\/en\/pood\/iron-on\/votmehoidja-suda-roosa\/","title":{"rendered":"V\u00f5tmehoidja s\u00fcda &#8211; roosa"},"content":{"rendered":"<p><span style=\", Helvetica, sans-serif\">Saffiano peeneteraline kunstnahast v\u00f5tmehoidja, millele saab lisada triigitavate materjalidega soovitud kaunistusi v\u00f5i personaliseerida nime v\u00f5i nimet\u00e4htedega.<\/span><\/p>","protected":false},"excerpt":{"rendered":"<p>Materjal: Saffiano peeneteraline kunstnahk<br \/>\nM\u00f5\u00f5t: 7 x 6 cm<\/p>","protected":false},"featured_media":9859,"template":"","meta":[],"product_brand":[],"product_cat":[15],"product_tag":[],"class_list":{"0":"post-9860","1":"product","2":"type-product","3":"status-publish","4":"has-post-thumbnail","6":"product_cat-iron-on","8":"first","9":"outofstock","10":"taxable","11":"shipping-taxable","12":"purchasable","13":"product-type-simple","14":"prodpage-classic"},"_links":{"self":[{"href":"https:\/\/summerdesign.ee\/en\/wp-json\/wp\/v2\/product\/9860","targetHints":{"allow":["GET"]}}],"collection":[{"href":"https:\/\/summerdesign.ee\/en\/wp-json\/wp\/v2\/product"}],"about":[{"href":"https:\/\/summerdesign.ee\/en\/wp-json\/wp\/v2\/types\/product"}],"wp:featuredmedia":[{"embeddable":true,"href":"https:\/\/summerdesign.ee\/en\/wp-json\/wp\/v2\/media\/9859"}],"wp:attachment":[{"href":"https:\/\/summerdesign.ee\/en\/wp-json\/wp\/v2\/media?parent=9860"}],"wp:term":[{"taxonomy":"product_brand","embeddable":true,"href":"https:\/\/summerdesign.ee\/en\/wp-json\/wp\/v2\/product_brand?post=9860"},{"taxonomy":"product_cat","embeddable":true,"href":"https:\/\/summerdesign.ee\/en\/wp-json\/wp\/v2\/product_cat?post=9860"},{"taxonomy":"product_tag","embeddable":true,"href":"https:\/\/summerdesign.ee\/en\/wp-json\/wp\/v2\/product_tag?post=9860"}],"curies":[{"name":"wp","href":"https:\/\/api.w.org\/{rel}","templated":true}]}}