{"id":9781,"date":"2023-01-20T18:46:36","date_gmt":"2023-01-20T15:46:36","guid":{"rendered":"https:\/\/summerdesign.ee\/toode\/valjaloiked-glitter-must-viiulivotmed\/"},"modified":"2025-10-21T20:20:04","modified_gmt":"2025-10-21T17:20:04","slug":"valjaloiked-glitter-must-viiulivotmed","status":"publish","type":"product","link":"https:\/\/summerdesign.ee\/en\/pood\/paber\/paber-valjaloiked\/valjaloiked-glitter-must-viiulivotmed\/","title":{"rendered":"V\u00e4ljal\u00f5iked glitter must &#8211; viiuliv\u00f5tmed"},"content":{"rendered":"","protected":false},"excerpt":{"rendered":"<p>Toode on ettetellimisega ja ooteaeg on 2-3 t\u00f6\u00f6p\u00e4eva!<\/p>\n<p>Pakis on kolmes m\u00f5\u00f5dus viiuliv\u00f5ti ja k\u00f5iki 2tk, kokku 6tk<br \/>\nM\u00f5\u00f5dud: 70x26mm, 60x22mm, 45x16mm<\/p>","protected":false},"featured_media":9789,"template":"","meta":[],"product_brand":[],"product_cat":[280],"product_tag":[],"class_list":{"0":"post-9781","1":"product","2":"type-product","3":"status-publish","4":"has-post-thumbnail","6":"product_cat-paber-valjaloiked","8":"first","9":"outofstock","10":"taxable","11":"shipping-taxable","12":"purchasable","13":"product-type-simple","14":"prodpage-classic"},"_links":{"self":[{"href":"https:\/\/summerdesign.ee\/en\/wp-json\/wp\/v2\/product\/9781","targetHints":{"allow":["GET"]}}],"collection":[{"href":"https:\/\/summerdesign.ee\/en\/wp-json\/wp\/v2\/product"}],"about":[{"href":"https:\/\/summerdesign.ee\/en\/wp-json\/wp\/v2\/types\/product"}],"wp:featuredmedia":[{"embeddable":true,"href":"https:\/\/summerdesign.ee\/en\/wp-json\/wp\/v2\/media\/9789"}],"wp:attachment":[{"href":"https:\/\/summerdesign.ee\/en\/wp-json\/wp\/v2\/media?parent=9781"}],"wp:term":[{"taxonomy":"product_brand","embeddable":true,"href":"https:\/\/summerdesign.ee\/en\/wp-json\/wp\/v2\/product_brand?post=9781"},{"taxonomy":"product_cat","embeddable":true,"href":"https:\/\/summerdesign.ee\/en\/wp-json\/wp\/v2\/product_cat?post=9781"},{"taxonomy":"product_tag","embeddable":true,"href":"https:\/\/summerdesign.ee\/en\/wp-json\/wp\/v2\/product_tag?post=9781"}],"curies":[{"name":"wp","href":"https:\/\/api.w.org\/{rel}","templated":true}]}}