{"id":9670,"date":"2023-01-13T19:57:09","date_gmt":"2023-01-13T16:57:09","guid":{"rendered":"https:\/\/summerdesign.ee\/toode\/kott-lukuga-must\/"},"modified":"2025-10-21T20:26:27","modified_gmt":"2025-10-21T17:26:27","slug":"kott-lukuga-must","status":"publish","type":"product","link":"https:\/\/summerdesign.ee\/en\/pood\/ettetellimine\/kott-lukuga-must\/","title":{"rendered":"Kott lukuga &#8211; must"},"content":{"rendered":"<p>Saffiano peeneteraline kunstnahast kott, millele saab lisada triigitavate materjalidega soovitud kaunistusi v\u00f5i personaliseerida nime v\u00f5i nimet\u00e4htedega.<\/p>","protected":false},"excerpt":{"rendered":"<p>M\u00f5\u00f5t: 22 x 5,5 x 4,5 cm<\/p>","protected":false},"featured_media":9669,"template":"","meta":[],"product_brand":[],"product_cat":[494],"product_tag":[],"class_list":{"0":"post-9670","1":"product","2":"type-product","3":"status-publish","4":"has-post-thumbnail","6":"product_cat-ettetellimine","8":"first","9":"outofstock","10":"taxable","11":"shipping-taxable","12":"purchasable","13":"product-type-simple","14":"prodpage-classic"},"_links":{"self":[{"href":"https:\/\/summerdesign.ee\/en\/wp-json\/wp\/v2\/product\/9670","targetHints":{"allow":["GET"]}}],"collection":[{"href":"https:\/\/summerdesign.ee\/en\/wp-json\/wp\/v2\/product"}],"about":[{"href":"https:\/\/summerdesign.ee\/en\/wp-json\/wp\/v2\/types\/product"}],"wp:featuredmedia":[{"embeddable":true,"href":"https:\/\/summerdesign.ee\/en\/wp-json\/wp\/v2\/media\/9669"}],"wp:attachment":[{"href":"https:\/\/summerdesign.ee\/en\/wp-json\/wp\/v2\/media?parent=9670"}],"wp:term":[{"taxonomy":"product_brand","embeddable":true,"href":"https:\/\/summerdesign.ee\/en\/wp-json\/wp\/v2\/product_brand?post=9670"},{"taxonomy":"product_cat","embeddable":true,"href":"https:\/\/summerdesign.ee\/en\/wp-json\/wp\/v2\/product_cat?post=9670"},{"taxonomy":"product_tag","embeddable":true,"href":"https:\/\/summerdesign.ee\/en\/wp-json\/wp\/v2\/product_tag?post=9670"}],"curies":[{"name":"wp","href":"https:\/\/api.w.org\/{rel}","templated":true}]}}