{"id":9173,"date":"2022-12-20T11:35:59","date_gmt":"2022-12-20T08:35:59","guid":{"rendered":"https:\/\/summerdesign.ee\/toode\/mahulised-teibipadjad-5-x-5-x-05-mm\/"},"modified":"2025-10-21T20:24:00","modified_gmt":"2025-10-21T17:24:00","slug":"mahulised-teibipadjad-5-x-5-x-05-mm","status":"publish","type":"product","link":"https:\/\/summerdesign.ee\/en\/pood\/tarvikud\/teibid-ja-liimid\/mahulised-teibipadjad-5-x-5-x-05-mm\/","title":{"rendered":"Mahulised teibipadjad 5 x 5 x 0,5 mm"},"content":{"rendered":"<p><span style=\", Helvetica, sans-serif\">Mahulised teibipatjade abil on mugav tekitada 3D efekte topperitel, kaartidel, b\u00e4nneritel jne.<\/span><\/p>","protected":false},"excerpt":{"rendered":"<p>M\u00f5\u00f5t: 5 x 5 mm, k\u00f5rgus 0,5 mm<br \/>\nPakis: 400 teibipatja<\/p>","protected":false},"featured_media":9172,"template":"","meta":[],"product_brand":[],"product_cat":[283],"product_tag":[],"class_list":{"0":"post-9173","1":"product","2":"type-product","3":"status-publish","4":"has-post-thumbnail","6":"product_cat-teibid-ja-liimid","8":"first","9":"outofstock","10":"taxable","11":"shipping-taxable","12":"purchasable","13":"product-type-simple","14":"prodpage-classic"},"_links":{"self":[{"href":"https:\/\/summerdesign.ee\/en\/wp-json\/wp\/v2\/product\/9173","targetHints":{"allow":["GET"]}}],"collection":[{"href":"https:\/\/summerdesign.ee\/en\/wp-json\/wp\/v2\/product"}],"about":[{"href":"https:\/\/summerdesign.ee\/en\/wp-json\/wp\/v2\/types\/product"}],"wp:featuredmedia":[{"embeddable":true,"href":"https:\/\/summerdesign.ee\/en\/wp-json\/wp\/v2\/media\/9172"}],"wp:attachment":[{"href":"https:\/\/summerdesign.ee\/en\/wp-json\/wp\/v2\/media?parent=9173"}],"wp:term":[{"taxonomy":"product_brand","embeddable":true,"href":"https:\/\/summerdesign.ee\/en\/wp-json\/wp\/v2\/product_brand?post=9173"},{"taxonomy":"product_cat","embeddable":true,"href":"https:\/\/summerdesign.ee\/en\/wp-json\/wp\/v2\/product_cat?post=9173"},{"taxonomy":"product_tag","embeddable":true,"href":"https:\/\/summerdesign.ee\/en\/wp-json\/wp\/v2\/product_tag?post=9173"}],"curies":[{"name":"wp","href":"https:\/\/api.w.org\/{rel}","templated":true}]}}