{"id":9171,"date":"2022-12-20T11:35:57","date_gmt":"2022-12-20T08:35:57","guid":{"rendered":"https:\/\/summerdesign.ee\/toode\/cricut-weeder-2\/"},"modified":"2025-10-21T20:24:04","modified_gmt":"2025-10-21T17:24:04","slug":"cricut-weeder-2","status":"publish","type":"product","link":"https:\/\/summerdesign.ee\/en\/pood\/ettetellimine\/cricut-tooted-tellimisega\/cricut-weeder-2\/","title":{"rendered":"Cricut Weeder"},"content":{"rendered":"<p class=\"p1\" style=\"margin: 0px;text-align: justify;line-height: normal\">Cricut t\u00f6\u00f6riist, millega on v\u00e4ga hea vin\u00fc\u00fclilt ja triigitavalt materjalilt eemaldada aluspaberilt \u00fcleliigseid&nbsp;v\u00e4ikseid t\u00fckke.<\/p>\n<p class=\"p1\" style=\"margin: 0px;text-align: justify;line-height: normal\">\n&nbsp;<\/p>","protected":false},"excerpt":{"rendered":"<p>Cricut t\u00f6\u00f6riist, millega on v\u00e4ga hea vin\u00fc\u00fclilt ja triigitavalt materjalilt eemaldada aluspaberilt \u00fcleliigseid&nbsp;v\u00e4ikseid t\u00fckke. &nbsp;<\/p>","protected":false},"featured_media":9170,"template":"","meta":[],"product_brand":[],"product_cat":[621],"product_tag":[],"class_list":{"0":"post-9171","1":"product","2":"type-product","3":"status-publish","4":"has-post-thumbnail","6":"product_cat-cricut-tooted-tellimisega","8":"first","9":"outofstock","10":"taxable","11":"shipping-taxable","12":"purchasable","13":"product-type-simple","14":"prodpage-classic"},"_links":{"self":[{"href":"https:\/\/summerdesign.ee\/en\/wp-json\/wp\/v2\/product\/9171","targetHints":{"allow":["GET"]}}],"collection":[{"href":"https:\/\/summerdesign.ee\/en\/wp-json\/wp\/v2\/product"}],"about":[{"href":"https:\/\/summerdesign.ee\/en\/wp-json\/wp\/v2\/types\/product"}],"wp:featuredmedia":[{"embeddable":true,"href":"https:\/\/summerdesign.ee\/en\/wp-json\/wp\/v2\/media\/9170"}],"wp:attachment":[{"href":"https:\/\/summerdesign.ee\/en\/wp-json\/wp\/v2\/media?parent=9171"}],"wp:term":[{"taxonomy":"product_brand","embeddable":true,"href":"https:\/\/summerdesign.ee\/en\/wp-json\/wp\/v2\/product_brand?post=9171"},{"taxonomy":"product_cat","embeddable":true,"href":"https:\/\/summerdesign.ee\/en\/wp-json\/wp\/v2\/product_cat?post=9171"},{"taxonomy":"product_tag","embeddable":true,"href":"https:\/\/summerdesign.ee\/en\/wp-json\/wp\/v2\/product_tag?post=9171"}],"curies":[{"name":"wp","href":"https:\/\/api.w.org\/{rel}","templated":true}]}}