{"id":8899,"date":"2022-11-28T20:54:11","date_gmt":"2022-11-28T17:54:11","guid":{"rendered":"https:\/\/summerdesign.ee\/toode\/kraabitav-kleebis-tumepunane-suda\/"},"modified":"2025-10-21T20:21:40","modified_gmt":"2025-10-21T17:21:40","slug":"kraabitav-kleebis-tumepunane-suda","status":"publish","type":"product","link":"https:\/\/summerdesign.ee\/en\/pood\/iron-on\/kraabitav-kleebis-tumepunane-suda\/","title":{"rendered":"Kraabitav kleebis 10 tk &#8211; tumepunane s\u00fcda"},"content":{"rendered":"<p>Lihtne kasutada ja kraapida.<br \/>\n\u200bValmista loteriisid, varjatud s\u00f5numiga kaarte jne. Prindi soovitud tekst, kleebi kleebis peale ja ongi s\u00f5num varjatud. S\u00f5numisaajal j\u00e4\u00e4b, vaid kraapida.<\/p>","protected":false},"excerpt":{"rendered":"<p>M\u00f5\u00f5t: 8 x 7 cm<br \/>\nincluded: 10 pieces<\/p>","protected":false},"featured_media":8906,"template":"","meta":[],"product_brand":[],"product_cat":[15],"product_tag":[],"class_list":{"0":"post-8899","1":"product","2":"type-product","3":"status-publish","4":"has-post-thumbnail","6":"product_cat-iron-on","8":"first","9":"outofstock","10":"taxable","11":"shipping-taxable","12":"purchasable","13":"product-type-simple","14":"prodpage-classic"},"_links":{"self":[{"href":"https:\/\/summerdesign.ee\/en\/wp-json\/wp\/v2\/product\/8899","targetHints":{"allow":["GET"]}}],"collection":[{"href":"https:\/\/summerdesign.ee\/en\/wp-json\/wp\/v2\/product"}],"about":[{"href":"https:\/\/summerdesign.ee\/en\/wp-json\/wp\/v2\/types\/product"}],"wp:featuredmedia":[{"embeddable":true,"href":"https:\/\/summerdesign.ee\/en\/wp-json\/wp\/v2\/media\/8906"}],"wp:attachment":[{"href":"https:\/\/summerdesign.ee\/en\/wp-json\/wp\/v2\/media?parent=8899"}],"wp:term":[{"taxonomy":"product_brand","embeddable":true,"href":"https:\/\/summerdesign.ee\/en\/wp-json\/wp\/v2\/product_brand?post=8899"},{"taxonomy":"product_cat","embeddable":true,"href":"https:\/\/summerdesign.ee\/en\/wp-json\/wp\/v2\/product_cat?post=8899"},{"taxonomy":"product_tag","embeddable":true,"href":"https:\/\/summerdesign.ee\/en\/wp-json\/wp\/v2\/product_tag?post=8899"}],"curies":[{"name":"wp","href":"https:\/\/api.w.org\/{rel}","templated":true}]}}