{"id":8678,"date":"2022-11-14T16:12:38","date_gmt":"2022-11-14T13:12:38","guid":{"rendered":"https:\/\/summerdesign.ee\/toode\/plastikust-labipaistev-suda-8-cm\/"},"modified":"2025-10-21T20:22:11","modified_gmt":"2025-10-21T17:22:11","slug":"plastikust-labipaistev-suda-8-cm","status":"publish","type":"product","link":"https:\/\/summerdesign.ee\/en\/pood\/tarvikud\/akruulplastist-toorikud\/plastikust-labipaistev-suda-8-cm\/","title":{"rendered":"Plastikust l\u00e4bipaistev s\u00fcda 8 cm"},"content":{"rendered":"<p class=\"p1\" style=\"margin: 0px;line-height: normal\">L\u00e4bipaistev plastik s\u00fcda k\u00e4ib lahti kaheks pooleks. Lisa sisse erinevaid kaunistus elemente ja personaliseeri nt vin\u00fc\u00fclkleebisest nimega.<\/p>\n<p class=\"p1\" style=\"margin: 0px;line-height: normal\">&nbsp;<\/p>\n<p>&nbsp;<\/p>\n<div class=\"additional_information_tab\" style=\"display: inline-block;border: none;background: none;position: relative;z-index: 0;border-radius: 4px 4px 0px 0px;margin: 0px;padding: 0px;box-shadow: none;float: left\">&nbsp;<\/div>","protected":false},"excerpt":{"rendered":"<p>M\u00f5\u00f5t: 8 cm<\/p>","protected":false},"featured_media":8677,"template":"","meta":[],"product_brand":[],"product_cat":[275],"product_tag":[],"class_list":{"0":"post-8678","1":"product","2":"type-product","3":"status-publish","4":"has-post-thumbnail","6":"product_cat-akruulplastist-toorikud","8":"first","9":"outofstock","10":"sale","11":"taxable","12":"shipping-taxable","13":"purchasable","14":"product-type-simple","15":"prodpage-classic"},"_links":{"self":[{"href":"https:\/\/summerdesign.ee\/en\/wp-json\/wp\/v2\/product\/8678","targetHints":{"allow":["GET"]}}],"collection":[{"href":"https:\/\/summerdesign.ee\/en\/wp-json\/wp\/v2\/product"}],"about":[{"href":"https:\/\/summerdesign.ee\/en\/wp-json\/wp\/v2\/types\/product"}],"wp:featuredmedia":[{"embeddable":true,"href":"https:\/\/summerdesign.ee\/en\/wp-json\/wp\/v2\/media\/8677"}],"wp:attachment":[{"href":"https:\/\/summerdesign.ee\/en\/wp-json\/wp\/v2\/media?parent=8678"}],"wp:term":[{"taxonomy":"product_brand","embeddable":true,"href":"https:\/\/summerdesign.ee\/en\/wp-json\/wp\/v2\/product_brand?post=8678"},{"taxonomy":"product_cat","embeddable":true,"href":"https:\/\/summerdesign.ee\/en\/wp-json\/wp\/v2\/product_cat?post=8678"},{"taxonomy":"product_tag","embeddable":true,"href":"https:\/\/summerdesign.ee\/en\/wp-json\/wp\/v2\/product_tag?post=8678"}],"curies":[{"name":"wp","href":"https:\/\/api.w.org\/{rel}","templated":true}]}}