{"id":8649,"date":"2022-11-12T20:27:37","date_gmt":"2022-11-12T17:27:37","guid":{"rendered":"https:\/\/summerdesign.ee\/toode\/kartongist-valjaloiked-loodusvalge-orna-sadelusega-4tk-noorpaar\/"},"modified":"2025-10-21T20:20:24","modified_gmt":"2025-10-21T17:20:24","slug":"kartongist-valjaloiked-loodusvalge-orna-sadelusega-4tk-noorpaar","status":"publish","type":"product","link":"https:\/\/summerdesign.ee\/en\/pood\/paber\/paber-valjaloiked\/kartongist-valjaloiked-loodusvalge-orna-sadelusega-4tk-noorpaar\/","title":{"rendered":"V\u00e4ljal\u00f5iked loodusvalge \u00f5rna s\u00e4delusega 5 tk &#8211; noorpaar"},"content":{"rendered":"","protected":false},"excerpt":{"rendered":"<p>Toode on ettetellimisega ja ooteaeg on 2-3 t\u00f6\u00f6p\u00e4eva!<\/p>\n<p>M\u00f5\u00f5t: 102 x 50 mm<br \/>\nPakis: 5 tk<\/p>","protected":false},"featured_media":10450,"template":"","meta":[],"product_brand":[],"product_cat":[280],"product_tag":[],"class_list":{"0":"post-8649","1":"product","2":"type-product","3":"status-publish","4":"has-post-thumbnail","6":"product_cat-paber-valjaloiked","8":"first","9":"instock","10":"taxable","11":"shipping-taxable","12":"purchasable","13":"product-type-simple","14":"prodpage-classic"},"_links":{"self":[{"href":"https:\/\/summerdesign.ee\/en\/wp-json\/wp\/v2\/product\/8649","targetHints":{"allow":["GET"]}}],"collection":[{"href":"https:\/\/summerdesign.ee\/en\/wp-json\/wp\/v2\/product"}],"about":[{"href":"https:\/\/summerdesign.ee\/en\/wp-json\/wp\/v2\/types\/product"}],"wp:featuredmedia":[{"embeddable":true,"href":"https:\/\/summerdesign.ee\/en\/wp-json\/wp\/v2\/media\/10450"}],"wp:attachment":[{"href":"https:\/\/summerdesign.ee\/en\/wp-json\/wp\/v2\/media?parent=8649"}],"wp:term":[{"taxonomy":"product_brand","embeddable":true,"href":"https:\/\/summerdesign.ee\/en\/wp-json\/wp\/v2\/product_brand?post=8649"},{"taxonomy":"product_cat","embeddable":true,"href":"https:\/\/summerdesign.ee\/en\/wp-json\/wp\/v2\/product_cat?post=8649"},{"taxonomy":"product_tag","embeddable":true,"href":"https:\/\/summerdesign.ee\/en\/wp-json\/wp\/v2\/product_tag?post=8649"}],"curies":[{"name":"wp","href":"https:\/\/api.w.org\/{rel}","templated":true}]}}