{"id":8634,"date":"2022-11-12T20:27:28","date_gmt":"2022-11-12T17:27:28","guid":{"rendered":"https:\/\/summerdesign.ee\/toode\/glitterkartongist-valjaloiked-kuldne-4tk-palju-onne\/"},"modified":"2025-10-21T20:22:24","modified_gmt":"2025-10-21T17:22:24","slug":"glitterkartongist-valjaloiked-kuldne-4tk-palju-onne","status":"publish","type":"product","link":"https:\/\/summerdesign.ee\/en\/pood\/paber\/paber-valjaloiked\/glitterkartongist-valjaloiked-kuldne-4tk-palju-onne\/","title":{"rendered":"V\u00e4ljal\u00f5iked kuldne glitter 4 tk &#8211; Palju \u00f5nne!"},"content":{"rendered":"<p>M\u00f5\u00f5t: Palju 55 x 20 mm, \u00f5nne! 43 x 12 mm<br \/>\nPakis: 4 tk<\/p>","protected":false},"excerpt":{"rendered":"<p>Toode on ettetellimisega ja ooteaeg on 2-3 t\u00f6\u00f6p\u00e4eva!<\/p>","protected":false},"featured_media":9192,"template":"","meta":[],"product_brand":[],"product_cat":[280],"product_tag":[],"class_list":{"0":"post-8634","1":"product","2":"type-product","3":"status-publish","4":"has-post-thumbnail","6":"product_cat-paber-valjaloiked","8":"first","9":"outofstock","10":"taxable","11":"shipping-taxable","12":"purchasable","13":"product-type-simple","14":"prodpage-classic"},"_links":{"self":[{"href":"https:\/\/summerdesign.ee\/en\/wp-json\/wp\/v2\/product\/8634","targetHints":{"allow":["GET"]}}],"collection":[{"href":"https:\/\/summerdesign.ee\/en\/wp-json\/wp\/v2\/product"}],"about":[{"href":"https:\/\/summerdesign.ee\/en\/wp-json\/wp\/v2\/types\/product"}],"wp:featuredmedia":[{"embeddable":true,"href":"https:\/\/summerdesign.ee\/en\/wp-json\/wp\/v2\/media\/9192"}],"wp:attachment":[{"href":"https:\/\/summerdesign.ee\/en\/wp-json\/wp\/v2\/media?parent=8634"}],"wp:term":[{"taxonomy":"product_brand","embeddable":true,"href":"https:\/\/summerdesign.ee\/en\/wp-json\/wp\/v2\/product_brand?post=8634"},{"taxonomy":"product_cat","embeddable":true,"href":"https:\/\/summerdesign.ee\/en\/wp-json\/wp\/v2\/product_cat?post=8634"},{"taxonomy":"product_tag","embeddable":true,"href":"https:\/\/summerdesign.ee\/en\/wp-json\/wp\/v2\/product_tag?post=8634"}],"curies":[{"name":"wp","href":"https:\/\/api.w.org\/{rel}","templated":true}]}}