{"id":8595,"date":"2022-11-09T17:29:14","date_gmt":"2022-11-09T14:29:14","guid":{"rendered":"https:\/\/summerdesign.ee\/toode\/valjaloiked-hobedased-kuused\/"},"modified":"2025-10-21T20:23:38","modified_gmt":"2025-10-21T17:23:38","slug":"valjaloiked-hobedased-kuused","status":"publish","type":"product","link":"https:\/\/summerdesign.ee\/en\/pood\/paber\/paber-valjaloiked\/valjaloiked-hobedased-kuused\/","title":{"rendered":"V\u00e4ljal\u00f5iked &#8211; h\u00f5bedased kuused"},"content":{"rendered":"","protected":false},"excerpt":{"rendered":"<p>M\u00f5\u00f5t:  2tk 11,5*5,2cm ja 2tk 11,4*6,2cm<br \/>\nPakis: 4 tk<\/p>","protected":false},"featured_media":8594,"template":"","meta":[],"product_brand":[],"product_cat":[280],"product_tag":[],"class_list":{"0":"post-8595","1":"product","2":"type-product","3":"status-publish","4":"has-post-thumbnail","6":"product_cat-paber-valjaloiked","8":"first","9":"instock","10":"taxable","11":"shipping-taxable","12":"purchasable","13":"product-type-simple","14":"prodpage-classic"},"_links":{"self":[{"href":"https:\/\/summerdesign.ee\/en\/wp-json\/wp\/v2\/product\/8595","targetHints":{"allow":["GET"]}}],"collection":[{"href":"https:\/\/summerdesign.ee\/en\/wp-json\/wp\/v2\/product"}],"about":[{"href":"https:\/\/summerdesign.ee\/en\/wp-json\/wp\/v2\/types\/product"}],"wp:featuredmedia":[{"embeddable":true,"href":"https:\/\/summerdesign.ee\/en\/wp-json\/wp\/v2\/media\/8594"}],"wp:attachment":[{"href":"https:\/\/summerdesign.ee\/en\/wp-json\/wp\/v2\/media?parent=8595"}],"wp:term":[{"taxonomy":"product_brand","embeddable":true,"href":"https:\/\/summerdesign.ee\/en\/wp-json\/wp\/v2\/product_brand?post=8595"},{"taxonomy":"product_cat","embeddable":true,"href":"https:\/\/summerdesign.ee\/en\/wp-json\/wp\/v2\/product_cat?post=8595"},{"taxonomy":"product_tag","embeddable":true,"href":"https:\/\/summerdesign.ee\/en\/wp-json\/wp\/v2\/product_tag?post=8595"}],"curies":[{"name":"wp","href":"https:\/\/api.w.org\/{rel}","templated":true}]}}