{"id":8497,"date":"2022-11-08T18:19:06","date_gmt":"2022-11-08T15:19:06","guid":{"rendered":"https:\/\/summerdesign.ee\/toode\/labipaistvast-akruulist-pulgad-o-3-mm-15-cm\/"},"modified":"2026-04-17T20:00:31","modified_gmt":"2026-04-17T17:00:31","slug":"labipaistvast-akruulist-pulgad-o-3-mm-15-cm","status":"publish","type":"product","link":"https:\/\/summerdesign.ee\/en\/pood\/tarvikud\/pulgad-topperitele-ja-pulgakookidele\/labipaistvast-akruulist-pulgad-o-3-mm-15-cm\/","title":{"rendered":"L\u00e4bipaistvast akr\u00fc\u00fclist pulgad \u00d8 3 mm 15 cm 20 tk"},"content":{"rendered":"<p><span style=\", Helvetica, sans-serif\">Transparent acrylic sticks for cake toppers, stick cakes \/ candy!<\/span><\/p>","protected":false},"excerpt":{"rendered":"<p>L\u00e4bim\u00f5\u00f5t: \u00d8 3mm. Pikkus: 15 cm.<br \/>\nPakis: 20 tk.<\/p>","protected":false},"featured_media":8496,"template":"","meta":[],"product_brand":[],"product_cat":[273],"product_tag":[],"class_list":{"0":"post-8497","1":"product","2":"type-product","3":"status-publish","4":"has-post-thumbnail","6":"product_cat-pulgad-topperitele-ja-pulgakookidele","8":"first","9":"outofstock","10":"taxable","11":"shipping-taxable","12":"purchasable","13":"product-type-simple","14":"prodpage-classic"},"_links":{"self":[{"href":"https:\/\/summerdesign.ee\/en\/wp-json\/wp\/v2\/product\/8497","targetHints":{"allow":["GET"]}}],"collection":[{"href":"https:\/\/summerdesign.ee\/en\/wp-json\/wp\/v2\/product"}],"about":[{"href":"https:\/\/summerdesign.ee\/en\/wp-json\/wp\/v2\/types\/product"}],"wp:featuredmedia":[{"embeddable":true,"href":"https:\/\/summerdesign.ee\/en\/wp-json\/wp\/v2\/media\/8496"}],"wp:attachment":[{"href":"https:\/\/summerdesign.ee\/en\/wp-json\/wp\/v2\/media?parent=8497"}],"wp:term":[{"taxonomy":"product_brand","embeddable":true,"href":"https:\/\/summerdesign.ee\/en\/wp-json\/wp\/v2\/product_brand?post=8497"},{"taxonomy":"product_cat","embeddable":true,"href":"https:\/\/summerdesign.ee\/en\/wp-json\/wp\/v2\/product_cat?post=8497"},{"taxonomy":"product_tag","embeddable":true,"href":"https:\/\/summerdesign.ee\/en\/wp-json\/wp\/v2\/product_tag?post=8497"}],"curies":[{"name":"wp","href":"https:\/\/api.w.org\/{rel}","templated":true}]}}