{"id":8495,"date":"2022-11-08T18:19:03","date_gmt":"2022-11-08T15:19:03","guid":{"rendered":"https:\/\/summerdesign.ee\/toode\/labipaistvast-akruulist-pulgad-o-3-mm-10-cm\/"},"modified":"2026-04-28T03:00:08","modified_gmt":"2026-04-28T00:00:08","slug":"labipaistvast-akruulist-pulgad-o-3-mm-10-cm","status":"publish","type":"product","link":"https:\/\/summerdesign.ee\/en\/pood\/tarvikud\/pulgad-topperitele-ja-pulgakookidele\/labipaistvast-akruulist-pulgad-o-3-mm-10-cm\/","title":{"rendered":"L\u00e4bipaistvast akr\u00fc\u00fclist pulgad \u00d8 3 mm 10 cm 20 tk"},"content":{"rendered":"<p>Transparent acrylic sticks for cake toppers, stick cakes \/ candy!<\/p>","protected":false},"excerpt":{"rendered":"<p>L\u00e4bim\u00f5\u00f5t: \u00d8 3mm. Pikkus: 10 cm.<br \/>\nPakis: 20 tk.<\/p>","protected":false},"featured_media":8494,"template":"","meta":[],"product_brand":[],"product_cat":[273],"product_tag":[],"class_list":{"0":"post-8495","1":"product","2":"type-product","3":"status-publish","4":"has-post-thumbnail","6":"product_cat-pulgad-topperitele-ja-pulgakookidele","8":"first","9":"instock","10":"taxable","11":"shipping-taxable","12":"purchasable","13":"product-type-simple","14":"prodpage-classic"},"_links":{"self":[{"href":"https:\/\/summerdesign.ee\/en\/wp-json\/wp\/v2\/product\/8495","targetHints":{"allow":["GET"]}}],"collection":[{"href":"https:\/\/summerdesign.ee\/en\/wp-json\/wp\/v2\/product"}],"about":[{"href":"https:\/\/summerdesign.ee\/en\/wp-json\/wp\/v2\/types\/product"}],"wp:featuredmedia":[{"embeddable":true,"href":"https:\/\/summerdesign.ee\/en\/wp-json\/wp\/v2\/media\/8494"}],"wp:attachment":[{"href":"https:\/\/summerdesign.ee\/en\/wp-json\/wp\/v2\/media?parent=8495"}],"wp:term":[{"taxonomy":"product_brand","embeddable":true,"href":"https:\/\/summerdesign.ee\/en\/wp-json\/wp\/v2\/product_brand?post=8495"},{"taxonomy":"product_cat","embeddable":true,"href":"https:\/\/summerdesign.ee\/en\/wp-json\/wp\/v2\/product_cat?post=8495"},{"taxonomy":"product_tag","embeddable":true,"href":"https:\/\/summerdesign.ee\/en\/wp-json\/wp\/v2\/product_tag?post=8495"}],"curies":[{"name":"wp","href":"https:\/\/api.w.org\/{rel}","templated":true}]}}