{"id":8438,"date":"2022-11-07T11:38:42","date_gmt":"2022-11-07T08:38:42","guid":{"rendered":"https:\/\/summerdesign.ee\/toode\/mahulised-teibipadjad-mustad-5-x-5-x-2-mm\/"},"modified":"2026-01-19T03:00:10","modified_gmt":"2026-01-19T00:00:10","slug":"mahulised-teibipadjad-mustad-5-x-5-x-2-mm","status":"publish","type":"product","link":"https:\/\/summerdesign.ee\/en\/pood\/tarvikud\/teibid-ja-liimid\/mahulised-teibipadjad-mustad-5-x-5-x-2-mm\/","title":{"rendered":"Mahulised teibipadjad mustad 5 x 5 x 2 mm"},"content":{"rendered":"<p><span style=\", Helvetica, sans-serif\">Mahulised teibipatjade abil on mugav tekitada 3D efekte topperitel, kaartidel, b\u00e4nneritel jne.<\/span><\/p>","protected":false},"excerpt":{"rendered":"<p>M\u00f5\u00f5t: 5 x 5 mm, k\u00f5rgus 2 mm.<br \/>\nPakis: 400 teibipatja<\/p>","protected":false},"featured_media":8437,"template":"","meta":[],"product_brand":[],"product_cat":[283],"product_tag":[],"class_list":{"0":"post-8438","1":"product","2":"type-product","3":"status-publish","4":"has-post-thumbnail","6":"product_cat-teibid-ja-liimid","8":"first","9":"instock","10":"taxable","11":"shipping-taxable","12":"purchasable","13":"product-type-simple","14":"prodpage-classic"},"_links":{"self":[{"href":"https:\/\/summerdesign.ee\/en\/wp-json\/wp\/v2\/product\/8438","targetHints":{"allow":["GET"]}}],"collection":[{"href":"https:\/\/summerdesign.ee\/en\/wp-json\/wp\/v2\/product"}],"about":[{"href":"https:\/\/summerdesign.ee\/en\/wp-json\/wp\/v2\/types\/product"}],"wp:featuredmedia":[{"embeddable":true,"href":"https:\/\/summerdesign.ee\/en\/wp-json\/wp\/v2\/media\/8437"}],"wp:attachment":[{"href":"https:\/\/summerdesign.ee\/en\/wp-json\/wp\/v2\/media?parent=8438"}],"wp:term":[{"taxonomy":"product_brand","embeddable":true,"href":"https:\/\/summerdesign.ee\/en\/wp-json\/wp\/v2\/product_brand?post=8438"},{"taxonomy":"product_cat","embeddable":true,"href":"https:\/\/summerdesign.ee\/en\/wp-json\/wp\/v2\/product_cat?post=8438"},{"taxonomy":"product_tag","embeddable":true,"href":"https:\/\/summerdesign.ee\/en\/wp-json\/wp\/v2\/product_tag?post=8438"}],"curies":[{"name":"wp","href":"https:\/\/api.w.org\/{rel}","templated":true}]}}