{"id":8125,"date":"2022-10-26T21:32:25","date_gmt":"2022-10-26T18:32:25","guid":{"rendered":"https:\/\/summerdesign.ee\/toode\/kleebitav-vahapitser\/"},"modified":"2025-10-21T20:20:49","modified_gmt":"2025-10-21T17:20:49","slug":"kleebitav-vahapitser","status":"publish","type":"product","link":"https:\/\/summerdesign.ee\/en\/pood\/tarvikud\/vahad-ja-vahapitsatid\/kleebitav-vahapitser\/","title":{"rendered":"Kleebitav vahapitser 10 tk"},"content":{"rendered":"<p>Vahapitseri tagumisel k\u00fcljel on kleebis, mille abil saab pitseri mugavalt kleepida kutsele v\u00f5i \u00fcmbrikule.<\/p>","protected":false},"excerpt":{"rendered":"<p>M\u00f5\u00f5t: \u00d8 ~3 cm<br \/>\nincluded: 10 pieces<\/p>","protected":false},"featured_media":8124,"template":"","meta":[],"product_brand":[],"product_cat":[543],"product_tag":[],"class_list":{"0":"post-8125","1":"product","2":"type-product","3":"status-publish","4":"has-post-thumbnail","6":"product_cat-vahad-ja-vahapitsatid","8":"first","9":"instock","10":"taxable","11":"shipping-taxable","12":"purchasable","13":"product-type-simple","14":"prodpage-classic"},"_links":{"self":[{"href":"https:\/\/summerdesign.ee\/en\/wp-json\/wp\/v2\/product\/8125","targetHints":{"allow":["GET"]}}],"collection":[{"href":"https:\/\/summerdesign.ee\/en\/wp-json\/wp\/v2\/product"}],"about":[{"href":"https:\/\/summerdesign.ee\/en\/wp-json\/wp\/v2\/types\/product"}],"wp:featuredmedia":[{"embeddable":true,"href":"https:\/\/summerdesign.ee\/en\/wp-json\/wp\/v2\/media\/8124"}],"wp:attachment":[{"href":"https:\/\/summerdesign.ee\/en\/wp-json\/wp\/v2\/media?parent=8125"}],"wp:term":[{"taxonomy":"product_brand","embeddable":true,"href":"https:\/\/summerdesign.ee\/en\/wp-json\/wp\/v2\/product_brand?post=8125"},{"taxonomy":"product_cat","embeddable":true,"href":"https:\/\/summerdesign.ee\/en\/wp-json\/wp\/v2\/product_cat?post=8125"},{"taxonomy":"product_tag","embeddable":true,"href":"https:\/\/summerdesign.ee\/en\/wp-json\/wp\/v2\/product_tag?post=8125"}],"curies":[{"name":"wp","href":"https:\/\/api.w.org\/{rel}","templated":true}]}}