{"id":8116,"date":"2022-10-25T23:02:11","date_gmt":"2022-10-25T20:02:11","guid":{"rendered":"https:\/\/summerdesign.ee\/toode\/cricut-joy-digitaalne-loikamismasin\/"},"modified":"2025-10-21T20:24:45","modified_gmt":"2025-10-21T17:24:45","slug":"cricut-joy-digitaalne-loikamismasin","status":"publish","type":"product","link":"https:\/\/summerdesign.ee\/en\/pood\/ettetellimine\/cricut-tooted-tellimisega\/cricut-joy-digitaalne-loikamismasin\/","title":{"rendered":"Cricut Joy digitaalne l\u00f5ikamismasin"},"content":{"rendered":"<p><span style=\"font-size:14px\"><span style=\"font-family: Quicksand, sans-serif\">Cricut Joy on k\u00f5ige v\u00e4iksem Cricut pere mudel. Sobib v\u00e4iksemate projektide valmistamiseks. <\/span><br \/>\n<span style=\"font-family: Quicksand, sans-serif\">Komplekti kuulub: Cricut Joy masin, milles on l\u00f5iketera koos hoidikuga kaasa. Lisaks roheline standardmatt suuruses 11,4 \u00d7 16,5 cm.<br \/>\n\u200bNB!&nbsp;<\/span><span style=\"font-family: Quicksand, sans-serif\">Sellel masinal puudub funktsioon &#8220;prindi ja l\u00f5ika&#8221;, mis on olemas Cricut Explore ja Maker mudelitel.&nbsp;<\/span><br style=\"font-family: Quicksand, sans-serif;font-size: 16px\" \/><br \/>\n<br style=\"font-family: Quicksand, sans-serif;font-size: 16px\" \/><br \/>\n<span style=\"font-family: Quicksand, sans-serif\">L\u00fchike tutvustav videot vaata <a href=\"https:\/\/www.youtube.com\/watch?v=imhe-5JxHgk\">SIIT<\/a><\/span><\/span><\/p>","protected":false},"excerpt":{"rendered":"<p>Toode on ettetellimisega ja ooteaeg on 10-14 t\u00f6\u00f6p\u00e4eva!<\/p>","protected":false},"featured_media":8115,"template":"","meta":[],"product_brand":[],"product_cat":[621],"product_tag":[],"class_list":{"0":"post-8116","1":"product","2":"type-product","3":"status-publish","4":"has-post-thumbnail","6":"product_cat-cricut-tooted-tellimisega","8":"first","9":"outofstock","10":"taxable","11":"shipping-taxable","12":"purchasable","13":"product-type-simple","14":"prodpage-classic"},"_links":{"self":[{"href":"https:\/\/summerdesign.ee\/en\/wp-json\/wp\/v2\/product\/8116","targetHints":{"allow":["GET"]}}],"collection":[{"href":"https:\/\/summerdesign.ee\/en\/wp-json\/wp\/v2\/product"}],"about":[{"href":"https:\/\/summerdesign.ee\/en\/wp-json\/wp\/v2\/types\/product"}],"wp:featuredmedia":[{"embeddable":true,"href":"https:\/\/summerdesign.ee\/en\/wp-json\/wp\/v2\/media\/8115"}],"wp:attachment":[{"href":"https:\/\/summerdesign.ee\/en\/wp-json\/wp\/v2\/media?parent=8116"}],"wp:term":[{"taxonomy":"product_brand","embeddable":true,"href":"https:\/\/summerdesign.ee\/en\/wp-json\/wp\/v2\/product_brand?post=8116"},{"taxonomy":"product_cat","embeddable":true,"href":"https:\/\/summerdesign.ee\/en\/wp-json\/wp\/v2\/product_cat?post=8116"},{"taxonomy":"product_tag","embeddable":true,"href":"https:\/\/summerdesign.ee\/en\/wp-json\/wp\/v2\/product_tag?post=8116"}],"curies":[{"name":"wp","href":"https:\/\/api.w.org\/{rel}","templated":true}]}}