{"id":8106,"date":"2022-10-25T19:32:09","date_gmt":"2022-10-25T16:32:09","guid":{"rendered":"https:\/\/summerdesign.ee\/toode\/riputusaasad-kuld\/"},"modified":"2025-10-21T20:26:35","modified_gmt":"2025-10-21T17:26:35","slug":"riputusaasad-kuld","status":"publish","type":"product","link":"https:\/\/summerdesign.ee\/en\/pood\/tarvikud\/dekoratiivne-materjal\/riputusaasad-kuld\/","title":{"rendered":"Riputusaasad &#8211; kuld"},"content":{"rendered":"<p>Metallist riputusaasad on ideaalsed vahendid erinevate toodete riputamiseks. N\u00e4iteks&nbsp;penoplastist pallile&nbsp;torka naaskliga auk, kaunista vastavalt soovile ja lisa riputusaas ning riputatav kaunistatud pall ongi valmis.<\/p>\n<p>NB! L\u00e4bipaistvatele plastik kuulidele need j\u00e4\u00e4vad v\u00e4ikseks!<\/p>","protected":false},"excerpt":{"rendered":"<p>M\u00f5\u00f5t: 5 x 13 mm<br \/>\nPakis: 25 tk<\/p>","protected":false},"featured_media":8105,"template":"","meta":[],"product_brand":[],"product_cat":[427],"product_tag":[],"class_list":{"0":"post-8106","1":"product","2":"type-product","3":"status-publish","4":"has-post-thumbnail","6":"product_cat-dekoratiivne-materjal","8":"first","9":"outofstock","10":"taxable","11":"shipping-taxable","12":"purchasable","13":"product-type-simple","14":"prodpage-classic"},"_links":{"self":[{"href":"https:\/\/summerdesign.ee\/en\/wp-json\/wp\/v2\/product\/8106","targetHints":{"allow":["GET"]}}],"collection":[{"href":"https:\/\/summerdesign.ee\/en\/wp-json\/wp\/v2\/product"}],"about":[{"href":"https:\/\/summerdesign.ee\/en\/wp-json\/wp\/v2\/types\/product"}],"wp:featuredmedia":[{"embeddable":true,"href":"https:\/\/summerdesign.ee\/en\/wp-json\/wp\/v2\/media\/8105"}],"wp:attachment":[{"href":"https:\/\/summerdesign.ee\/en\/wp-json\/wp\/v2\/media?parent=8106"}],"wp:term":[{"taxonomy":"product_brand","embeddable":true,"href":"https:\/\/summerdesign.ee\/en\/wp-json\/wp\/v2\/product_brand?post=8106"},{"taxonomy":"product_cat","embeddable":true,"href":"https:\/\/summerdesign.ee\/en\/wp-json\/wp\/v2\/product_cat?post=8106"},{"taxonomy":"product_tag","embeddable":true,"href":"https:\/\/summerdesign.ee\/en\/wp-json\/wp\/v2\/product_tag?post=8106"}],"curies":[{"name":"wp","href":"https:\/\/api.w.org\/{rel}","templated":true}]}}