{"id":7365,"date":"2022-09-30T12:32:53","date_gmt":"2022-09-30T09:32:53","guid":{"rendered":"https:\/\/summerdesign.ee\/toode\/vivant-lux-puuvillane-noor-punane-kuld\/"},"modified":"2025-10-21T20:21:25","modified_gmt":"2025-10-21T17:21:25","slug":"vivant-lux-puuvillane-noor-punane-kuld","status":"publish","type":"product","link":"https:\/\/summerdesign.ee\/en\/pood\/soodus\/vivant-lux-puuvillane-noor-punane-kuld\/","title":{"rendered":"Vivant Lux puuvillane n\u00f6\u00f6r &#8211; punane kuld"},"content":{"rendered":"","protected":false},"excerpt":{"rendered":"<p>M\u00f5\u00f5t: 2 mm x 50 m<\/p>","protected":false},"featured_media":7364,"template":"","meta":[],"product_brand":[],"product_cat":[311],"product_tag":[],"class_list":{"0":"post-7365","1":"product","2":"type-product","3":"status-publish","4":"has-post-thumbnail","6":"product_cat-soodus","8":"first","9":"instock","10":"sale","11":"taxable","12":"shipping-taxable","13":"purchasable","14":"product-type-simple","15":"prodpage-classic"},"_links":{"self":[{"href":"https:\/\/summerdesign.ee\/en\/wp-json\/wp\/v2\/product\/7365","targetHints":{"allow":["GET"]}}],"collection":[{"href":"https:\/\/summerdesign.ee\/en\/wp-json\/wp\/v2\/product"}],"about":[{"href":"https:\/\/summerdesign.ee\/en\/wp-json\/wp\/v2\/types\/product"}],"wp:featuredmedia":[{"embeddable":true,"href":"https:\/\/summerdesign.ee\/en\/wp-json\/wp\/v2\/media\/7364"}],"wp:attachment":[{"href":"https:\/\/summerdesign.ee\/en\/wp-json\/wp\/v2\/media?parent=7365"}],"wp:term":[{"taxonomy":"product_brand","embeddable":true,"href":"https:\/\/summerdesign.ee\/en\/wp-json\/wp\/v2\/product_brand?post=7365"},{"taxonomy":"product_cat","embeddable":true,"href":"https:\/\/summerdesign.ee\/en\/wp-json\/wp\/v2\/product_cat?post=7365"},{"taxonomy":"product_tag","embeddable":true,"href":"https:\/\/summerdesign.ee\/en\/wp-json\/wp\/v2\/product_tag?post=7365"}],"curies":[{"name":"wp","href":"https:\/\/api.w.org\/{rel}","templated":true}]}}