{"id":7331,"date":"2022-09-30T00:03:17","date_gmt":"2022-09-29T21:03:17","guid":{"rendered":"https:\/\/summerdesign.ee\/toode\/kartong-a4-mundiroheline-2\/"},"modified":"2025-10-21T20:25:40","modified_gmt":"2025-10-21T17:25:40","slug":"kartong-a4-mundiroheline-2","status":"publish","type":"product","link":"https:\/\/summerdesign.ee\/en\/pood\/paber\/tekstuurse-pinnaga-kartong-a4\/kartong-a4-mundiroheline-2\/","title":{"rendered":"Kartong A4 250 g 10 lehte &#8211; m\u00fcndiroheline"},"content":{"rendered":"<p><span style=\", Helvetica, sans-serif\">Tekstuurse pinnaga kartong sobib ideaalselt b\u00e4nnerite, mahuliste topperite, v\u00e4ljal\u00f5igete jne tegemiseks.<\/span><\/p>","protected":false},"excerpt":{"rendered":"<p>M\u00f5\u00f5t: A4 ja 250g<\/p>","protected":false},"featured_media":9840,"template":"","meta":[],"product_brand":[],"product_cat":[496],"product_tag":[],"class_list":{"0":"post-7331","1":"product","2":"type-product","3":"status-publish","4":"has-post-thumbnail","6":"product_cat-tekstuurse-pinnaga-kartong-a4","8":"first","9":"instock","10":"taxable","11":"shipping-taxable","12":"purchasable","13":"product-type-simple","14":"prodpage-classic"},"_links":{"self":[{"href":"https:\/\/summerdesign.ee\/en\/wp-json\/wp\/v2\/product\/7331","targetHints":{"allow":["GET"]}}],"collection":[{"href":"https:\/\/summerdesign.ee\/en\/wp-json\/wp\/v2\/product"}],"about":[{"href":"https:\/\/summerdesign.ee\/en\/wp-json\/wp\/v2\/types\/product"}],"wp:featuredmedia":[{"embeddable":true,"href":"https:\/\/summerdesign.ee\/en\/wp-json\/wp\/v2\/media\/9840"}],"wp:attachment":[{"href":"https:\/\/summerdesign.ee\/en\/wp-json\/wp\/v2\/media?parent=7331"}],"wp:term":[{"taxonomy":"product_brand","embeddable":true,"href":"https:\/\/summerdesign.ee\/en\/wp-json\/wp\/v2\/product_brand?post=7331"},{"taxonomy":"product_cat","embeddable":true,"href":"https:\/\/summerdesign.ee\/en\/wp-json\/wp\/v2\/product_cat?post=7331"},{"taxonomy":"product_tag","embeddable":true,"href":"https:\/\/summerdesign.ee\/en\/wp-json\/wp\/v2\/product_tag?post=7331"}],"curies":[{"name":"wp","href":"https:\/\/api.w.org\/{rel}","templated":true}]}}