{"id":7062,"date":"2022-09-26T23:58:51","date_gmt":"2022-09-26T20:58:51","guid":{"rendered":"https:\/\/summerdesign.ee\/toode\/litrid-2\/"},"modified":"2026-04-15T03:00:13","modified_gmt":"2026-04-15T00:00:13","slug":"litrid-2","status":"publish","type":"product","link":"https:\/\/summerdesign.ee\/en\/pood\/soodus\/litrid-2\/","title":{"rendered":"Litrid 4 mm 10 g &#8211; helebee\u017e"},"content":{"rendered":"<p style=\"margin: 0px 0px 20px;, Helvetica, sans-serif\">Suurep\u00e4rased kaunistuselemendid, mida kasutada sheiker kaartide ja topperite valmistamisel.<br \/>\nLitri m\u00f5\u00f5t: 4 mm.<br \/>\nPakis: 10 g<\/p>","protected":false},"excerpt":{"rendered":"<p>Tarneaeg: 1-3 t\u00f6\u00f6p\u00e4eva<\/p>","protected":false},"featured_media":7061,"template":"","meta":[],"product_brand":[],"product_cat":[311],"product_tag":[],"class_list":{"0":"post-7062","1":"product","2":"type-product","3":"status-publish","4":"has-post-thumbnail","6":"product_cat-soodus","8":"first","9":"instock","10":"sale","11":"taxable","12":"shipping-taxable","13":"purchasable","14":"product-type-simple","15":"prodpage-classic"},"_links":{"self":[{"href":"https:\/\/summerdesign.ee\/en\/wp-json\/wp\/v2\/product\/7062","targetHints":{"allow":["GET"]}}],"collection":[{"href":"https:\/\/summerdesign.ee\/en\/wp-json\/wp\/v2\/product"}],"about":[{"href":"https:\/\/summerdesign.ee\/en\/wp-json\/wp\/v2\/types\/product"}],"wp:featuredmedia":[{"embeddable":true,"href":"https:\/\/summerdesign.ee\/en\/wp-json\/wp\/v2\/media\/7061"}],"wp:attachment":[{"href":"https:\/\/summerdesign.ee\/en\/wp-json\/wp\/v2\/media?parent=7062"}],"wp:term":[{"taxonomy":"product_brand","embeddable":true,"href":"https:\/\/summerdesign.ee\/en\/wp-json\/wp\/v2\/product_brand?post=7062"},{"taxonomy":"product_cat","embeddable":true,"href":"https:\/\/summerdesign.ee\/en\/wp-json\/wp\/v2\/product_cat?post=7062"},{"taxonomy":"product_tag","embeddable":true,"href":"https:\/\/summerdesign.ee\/en\/wp-json\/wp\/v2\/product_tag?post=7062"}],"curies":[{"name":"wp","href":"https:\/\/api.w.org\/{rel}","templated":true}]}}