{"id":6707,"date":"2022-09-26T11:45:33","date_gmt":"2022-09-26T08:45:33","guid":{"rendered":"https:\/\/summerdesign.ee\/toode\/pressitud-paberist-valged-pulgad\/"},"modified":"2026-04-13T03:00:11","modified_gmt":"2026-04-13T00:00:11","slug":"pressitud-paberist-valged-pulgad","status":"publish","type":"product","link":"https:\/\/summerdesign.ee\/en\/pood\/tarvikud\/pulgad-topperitele-ja-pulgakookidele\/pressitud-paberist-valged-pulgad\/","title":{"rendered":"Valged pulgad 12 cm 20 tk"},"content":{"rendered":"<p>Pressitud paberist valmistatud valged pulgad, mis sobivad topperite, pulgakookide jne valmistamiseks.&nbsp;<\/p>","protected":false},"excerpt":{"rendered":"<p>M\u00f5\u00f5t: 12 cm,  \u00d8  3,5-3,8 mm.<br \/>\nPakis: 20 tk<\/p>","protected":false},"featured_media":6706,"template":"","meta":[],"product_brand":[],"product_cat":[273],"product_tag":[],"class_list":{"0":"post-6707","1":"product","2":"type-product","3":"status-publish","4":"has-post-thumbnail","6":"product_cat-pulgad-topperitele-ja-pulgakookidele","8":"first","9":"instock","10":"taxable","11":"shipping-taxable","12":"purchasable","13":"product-type-simple","14":"prodpage-classic"},"_links":{"self":[{"href":"https:\/\/summerdesign.ee\/en\/wp-json\/wp\/v2\/product\/6707","targetHints":{"allow":["GET"]}}],"collection":[{"href":"https:\/\/summerdesign.ee\/en\/wp-json\/wp\/v2\/product"}],"about":[{"href":"https:\/\/summerdesign.ee\/en\/wp-json\/wp\/v2\/types\/product"}],"wp:featuredmedia":[{"embeddable":true,"href":"https:\/\/summerdesign.ee\/en\/wp-json\/wp\/v2\/media\/6706"}],"wp:attachment":[{"href":"https:\/\/summerdesign.ee\/en\/wp-json\/wp\/v2\/media?parent=6707"}],"wp:term":[{"taxonomy":"product_brand","embeddable":true,"href":"https:\/\/summerdesign.ee\/en\/wp-json\/wp\/v2\/product_brand?post=6707"},{"taxonomy":"product_cat","embeddable":true,"href":"https:\/\/summerdesign.ee\/en\/wp-json\/wp\/v2\/product_cat?post=6707"},{"taxonomy":"product_tag","embeddable":true,"href":"https:\/\/summerdesign.ee\/en\/wp-json\/wp\/v2\/product_tag?post=6707"}],"curies":[{"name":"wp","href":"https:\/\/api.w.org\/{rel}","templated":true}]}}