{"id":6470,"date":"2022-09-26T09:56:00","date_gmt":"2022-09-26T06:56:00","guid":{"rendered":"https:\/\/summerdesign.ee\/toode\/cricut-easy-kuumpress-masin-5\/"},"modified":"2026-01-31T20:19:04","modified_gmt":"2026-01-31T17:19:04","slug":"cricut-easy-kuumpress-masin-5","status":"publish","type":"product","link":"https:\/\/summerdesign.ee\/en\/pood\/ettetellimine\/cricut-tooted-tellimisega\/cricut-easy-kuumpress-masin-5\/","title":{"rendered":"Cricut Easy kuumpress masin"},"content":{"rendered":"<p>\u00dchendades kuumpressi kiiruse ja triikraua mugavuse, annab Cricut Easy kuumpress masin teile kiireid ja veatuid tulemusi, mis p\u00fcsivad isegi p\u00e4rast korduvat pesu. Mugav temperatuuri ja aja seaded teevad t\u00f6\u00f6tamise \u00fclimugavaks. Kasulike turvafunktsioonide hulka kuuluvad kuumakindel alus masinal ja automaatne v\u00e4ljal\u00fclitusfunktsioon. Kuumpress masin on kerge, kaasaskantav, h\u00f5lpsasti hoiustatav. Sobib kasutamiseks enamiku tuntud triigitavate kleebistega.<br \/>\nMasina kuumaplaat on <span style=\"font-family: Inter;font-size: 14px\">30 cm x 25 cm<\/span> suuruses, mis sobib ideaalselt tavaliste T-s\u00e4rkide, kandekottide, patjade, p\u00f5llede jne.<br \/>\nMaksimaalne temperatuur masinal on 205\u00b0C.&nbsp;<\/p>","protected":false},"excerpt":{"rendered":"<p>Toode on ettetellimisega ja ooteaeg on 10-14 t\u00f6\u00f6p\u00e4eva!<br \/>\nToode on ettetellimisega ja ooteaeg on 7-10 t\u00f6\u00f6p\u00e4eva!<\/p>\n<p>Masina tellijale pakume tutvustavat koolitust meie Tallinna stuudios.<\/p>","protected":false},"featured_media":6467,"template":"","meta":[],"product_brand":[],"product_cat":[621],"product_tag":[],"class_list":{"0":"post-6470","1":"product","2":"type-product","3":"status-publish","4":"has-post-thumbnail","6":"product_cat-cricut-tooted-tellimisega","8":"first","9":"onbackorder","10":"taxable","11":"shipping-taxable","12":"purchasable","13":"product-type-simple","14":"prodpage-classic"},"_links":{"self":[{"href":"https:\/\/summerdesign.ee\/en\/wp-json\/wp\/v2\/product\/6470","targetHints":{"allow":["GET"]}}],"collection":[{"href":"https:\/\/summerdesign.ee\/en\/wp-json\/wp\/v2\/product"}],"about":[{"href":"https:\/\/summerdesign.ee\/en\/wp-json\/wp\/v2\/types\/product"}],"wp:featuredmedia":[{"embeddable":true,"href":"https:\/\/summerdesign.ee\/en\/wp-json\/wp\/v2\/media\/6467"}],"wp:attachment":[{"href":"https:\/\/summerdesign.ee\/en\/wp-json\/wp\/v2\/media?parent=6470"}],"wp:term":[{"taxonomy":"product_brand","embeddable":true,"href":"https:\/\/summerdesign.ee\/en\/wp-json\/wp\/v2\/product_brand?post=6470"},{"taxonomy":"product_cat","embeddable":true,"href":"https:\/\/summerdesign.ee\/en\/wp-json\/wp\/v2\/product_cat?post=6470"},{"taxonomy":"product_tag","embeddable":true,"href":"https:\/\/summerdesign.ee\/en\/wp-json\/wp\/v2\/product_tag?post=6470"}],"curies":[{"name":"wp","href":"https:\/\/api.w.org\/{rel}","templated":true}]}}