{"id":5696,"date":"2022-09-23T18:16:24","date_gmt":"2022-09-23T15:16:24","guid":{"rendered":"https:\/\/summerdesign.ee\/toode\/mahulised-teibipadjad-5-x-5-x-2-mm-4\/"},"modified":"2025-10-21T20:23:59","modified_gmt":"2025-10-21T17:23:59","slug":"mahulised-teibipadjad-5-x-5-x-2-mm-4","status":"publish","type":"product","link":"https:\/\/summerdesign.ee\/en\/pood\/tarvikud\/teibid-ja-liimid\/mahulised-teibipadjad-5-x-5-x-2-mm-4\/","title":{"rendered":"Mahulised teibipadjad 5 x 5 x 2 mm"},"content":{"rendered":"<p><span style=\", Helvetica, sans-serif\">Mahulised teibipatjade abil on mugav tekitada 3D efekte topperitel, kaartidel, b\u00e4nneritel jne.<\/span><\/p>","protected":false},"excerpt":{"rendered":"<p>M\u00f5\u00f5t: 5 x 5 mm, k\u00f5rgus 2 mm<br \/>\nPakis: 400 teibipatja<\/p>","protected":false},"featured_media":6670,"template":"","meta":[],"product_brand":[],"product_cat":[283],"product_tag":[],"class_list":{"0":"post-5696","1":"product","2":"type-product","3":"status-publish","4":"has-post-thumbnail","6":"product_cat-teibid-ja-liimid","8":"first","9":"outofstock","10":"taxable","11":"shipping-taxable","12":"purchasable","13":"product-type-simple","14":"prodpage-classic"},"_links":{"self":[{"href":"https:\/\/summerdesign.ee\/en\/wp-json\/wp\/v2\/product\/5696","targetHints":{"allow":["GET"]}}],"collection":[{"href":"https:\/\/summerdesign.ee\/en\/wp-json\/wp\/v2\/product"}],"about":[{"href":"https:\/\/summerdesign.ee\/en\/wp-json\/wp\/v2\/types\/product"}],"wp:featuredmedia":[{"embeddable":true,"href":"https:\/\/summerdesign.ee\/en\/wp-json\/wp\/v2\/media\/6670"}],"wp:attachment":[{"href":"https:\/\/summerdesign.ee\/en\/wp-json\/wp\/v2\/media?parent=5696"}],"wp:term":[{"taxonomy":"product_brand","embeddable":true,"href":"https:\/\/summerdesign.ee\/en\/wp-json\/wp\/v2\/product_brand?post=5696"},{"taxonomy":"product_cat","embeddable":true,"href":"https:\/\/summerdesign.ee\/en\/wp-json\/wp\/v2\/product_cat?post=5696"},{"taxonomy":"product_tag","embeddable":true,"href":"https:\/\/summerdesign.ee\/en\/wp-json\/wp\/v2\/product_tag?post=5696"}],"curies":[{"name":"wp","href":"https:\/\/api.w.org\/{rel}","templated":true}]}}