{"id":5693,"date":"2022-09-23T18:16:23","date_gmt":"2022-09-23T15:16:23","guid":{"rendered":"https:\/\/summerdesign.ee\/toode\/cricut-vinuulkleebis-shimmer-kuld-2\/"},"modified":"2025-11-02T11:26:01","modified_gmt":"2025-11-02T08:26:01","slug":"cricut-vinuulkleebis-shimmer-kuld-2","status":"publish","type":"product","link":"https:\/\/summerdesign.ee\/en\/pood\/ettetellimine\/cricut-tooted-tellimisega\/cricut-vinuulkleebis-shimmer-kuld-2\/","title":{"rendered":"Cricut vin\u00fc\u00fclkleebis shimmer &#8211; kuld"},"content":{"rendered":"<p>Premium Vinyl\u2122 Shimmer Permanent sobib suurep\u00e4raselt erinevatele siledatele pindadele, klaasn\u00f5ude, kruuside ja muu jaoks. Kasutamiseks k\u00f5igi Cricuti l\u00f5ikemasinatega. \u00dclekandmiseks kasutada tugevat \u00fclekandekile. Pakis: 30.5 cm x 122 cm.<\/p>","protected":false},"excerpt":{"rendered":"<p>Toode on ettetellimisega ja tarneaeg 3-4 n\u00e4dalat!<\/p>","protected":false},"featured_media":21402,"template":"","meta":[],"product_brand":[],"product_cat":[621],"product_tag":[],"class_list":{"0":"post-5693","1":"product","2":"type-product","3":"status-publish","4":"has-post-thumbnail","6":"product_cat-cricut-tooted-tellimisega","8":"first","9":"outofstock","10":"taxable","11":"shipping-taxable","12":"purchasable","13":"product-type-simple","14":"prodpage-classic"},"_links":{"self":[{"href":"https:\/\/summerdesign.ee\/en\/wp-json\/wp\/v2\/product\/5693","targetHints":{"allow":["GET"]}}],"collection":[{"href":"https:\/\/summerdesign.ee\/en\/wp-json\/wp\/v2\/product"}],"about":[{"href":"https:\/\/summerdesign.ee\/en\/wp-json\/wp\/v2\/types\/product"}],"wp:featuredmedia":[{"embeddable":true,"href":"https:\/\/summerdesign.ee\/en\/wp-json\/wp\/v2\/media\/21402"}],"wp:attachment":[{"href":"https:\/\/summerdesign.ee\/en\/wp-json\/wp\/v2\/media?parent=5693"}],"wp:term":[{"taxonomy":"product_brand","embeddable":true,"href":"https:\/\/summerdesign.ee\/en\/wp-json\/wp\/v2\/product_brand?post=5693"},{"taxonomy":"product_cat","embeddable":true,"href":"https:\/\/summerdesign.ee\/en\/wp-json\/wp\/v2\/product_cat?post=5693"},{"taxonomy":"product_tag","embeddable":true,"href":"https:\/\/summerdesign.ee\/en\/wp-json\/wp\/v2\/product_tag?post=5693"}],"curies":[{"name":"wp","href":"https:\/\/api.w.org\/{rel}","templated":true}]}}