{"id":5668,"date":"2022-09-23T18:16:13","date_gmt":"2022-09-23T15:16:13","guid":{"rendered":"https:\/\/summerdesign.ee\/toode\/triigitav-samet-pruun\/"},"modified":"2026-03-29T14:25:44","modified_gmt":"2026-03-29T11:25:44","slug":"triigitav-samet-pruun","status":"publish","type":"product","link":"https:\/\/summerdesign.ee\/en\/pood\/triigitav-kleebis\/samet-pinnaga\/triigitav-samet-pruun\/","title":{"rendered":"Triigitav samet &#8211; pruun"},"content":{"rendered":"<p>Triigitav samet kleebis on sametise pinnaga, vastupidav ja kauakestva tooniga. Triigitava kleebise ja kanga \u00fchilduvus: 100% puuvill, 100% pol\u00fcester, puuvill ja pol\u00fcester segud Kuumus: 165kraadi 15sekundit. Pealmine kile eemaldada leigelt\/k\u00fclmalt! Triikrauaga keskmise kuumusega (kaks t\u00e4ppi). Masinpesu seestpoolt, kasutades pehmet pesuvahendit. NB! \u00c4rge kasutage valgendit, kuivatit! \u00c4rge puhastage keemiliselt. See k\u00f5ik tagab pikaajalise vastupidavuse kujundusele. Cricut digitaalse masinaga l\u00f5igates soovitame l\u00f5ikama asudes valida programmist l\u00f5igatavaks materjaliks Everyday Iron-on.<\/p>","protected":false},"excerpt":{"rendered":"<p>M\u00f5\u00f5dud: 25 x 30,5 cm<\/p>","protected":false},"featured_media":6085,"template":"","meta":[],"product_brand":[],"product_cat":[521],"product_tag":[],"class_list":{"0":"post-5668","1":"product","2":"type-product","3":"status-publish","4":"has-post-thumbnail","6":"product_cat-samet-pinnaga","8":"first","9":"outofstock","10":"sale","11":"taxable","12":"shipping-taxable","13":"purchasable","14":"product-type-simple","15":"prodpage-classic"},"_links":{"self":[{"href":"https:\/\/summerdesign.ee\/en\/wp-json\/wp\/v2\/product\/5668","targetHints":{"allow":["GET"]}}],"collection":[{"href":"https:\/\/summerdesign.ee\/en\/wp-json\/wp\/v2\/product"}],"about":[{"href":"https:\/\/summerdesign.ee\/en\/wp-json\/wp\/v2\/types\/product"}],"wp:featuredmedia":[{"embeddable":true,"href":"https:\/\/summerdesign.ee\/en\/wp-json\/wp\/v2\/media\/6085"}],"wp:attachment":[{"href":"https:\/\/summerdesign.ee\/en\/wp-json\/wp\/v2\/media?parent=5668"}],"wp:term":[{"taxonomy":"product_brand","embeddable":true,"href":"https:\/\/summerdesign.ee\/en\/wp-json\/wp\/v2\/product_brand?post=5668"},{"taxonomy":"product_cat","embeddable":true,"href":"https:\/\/summerdesign.ee\/en\/wp-json\/wp\/v2\/product_cat?post=5668"},{"taxonomy":"product_tag","embeddable":true,"href":"https:\/\/summerdesign.ee\/en\/wp-json\/wp\/v2\/product_tag?post=5668"}],"curies":[{"name":"wp","href":"https:\/\/api.w.org\/{rel}","templated":true}]}}