{"id":5643,"date":"2022-09-23T18:16:07","date_gmt":"2022-09-23T15:16:07","guid":{"rendered":"https:\/\/summerdesign.ee\/toode\/triigitav-kleebis-roosa-2\/"},"modified":"2026-02-20T03:00:09","modified_gmt":"2026-02-20T00:00:09","slug":"triigitav-kleebis-roosa-2","status":"publish","type":"product","link":"https:\/\/summerdesign.ee\/en\/pood\/triigitav-kleebis\/sileda-pinnaga\/triigitav-kleebis-roosa-2\/","title":{"rendered":"Pink"},"content":{"rendered":"<p>Triigitav kleebis on \u00f5huke ja paidlik ning vastupidav. Sobib suurep\u00e4raselt kergete aktiivr\u00f5ivaste, kottide jne disainimiseks. Triigitav kleebis on kaheosaline: pealmine osa on l\u00f5igatav ja triigitav ning alumine osa on \u00fclekandekile, mis hoiab triigitava kleebise \u00fclekandmise ajal paigal. Poolmatt viimistlus. Ei sobi h\u00e4sti kihiliste kahev\u00e4rviliste kujunduste jaoks!Triigitava kleebise ja kanga \u00fchilduvus: 100% puuvill, 100% pol\u00fcester, puuvill ja pol\u00fcester segud, lycra ja spandexi segud ning nailon. Kuumus: 130kraadi 10sekundit. Pealmine kile eemaldada kuumalt! Triikrauaga keskmise kuumusega (kaks t\u00e4ppi). Masinpesu seestpoolt, kasutades pehmet pesuvahendit. \u00c4rge kasutage valgendit, kuivatit! \u00c4rge puhastage keemiliselt. See k\u00f5ik tagab pikaajalise vastupidavuse kujundusele.<\/p>","protected":false},"excerpt":{"rendered":"<p>Tarneaeg: 1-3 t\u00f6\u00f6p\u00e4eva<br \/>\nSize: 30.5 x 50 cm<\/p>","protected":false},"featured_media":6073,"template":"","meta":[],"product_brand":[],"product_cat":[533],"product_tag":[],"class_list":{"0":"post-5643","1":"product","2":"type-product","3":"status-publish","4":"has-post-thumbnail","6":"product_cat-sileda-pinnaga","8":"first","9":"instock","10":"taxable","11":"shipping-taxable","12":"purchasable","13":"product-type-simple","14":"prodpage-classic"},"_links":{"self":[{"href":"https:\/\/summerdesign.ee\/en\/wp-json\/wp\/v2\/product\/5643","targetHints":{"allow":["GET"]}}],"collection":[{"href":"https:\/\/summerdesign.ee\/en\/wp-json\/wp\/v2\/product"}],"about":[{"href":"https:\/\/summerdesign.ee\/en\/wp-json\/wp\/v2\/types\/product"}],"wp:featuredmedia":[{"embeddable":true,"href":"https:\/\/summerdesign.ee\/en\/wp-json\/wp\/v2\/media\/6073"}],"wp:attachment":[{"href":"https:\/\/summerdesign.ee\/en\/wp-json\/wp\/v2\/media?parent=5643"}],"wp:term":[{"taxonomy":"product_brand","embeddable":true,"href":"https:\/\/summerdesign.ee\/en\/wp-json\/wp\/v2\/product_brand?post=5643"},{"taxonomy":"product_cat","embeddable":true,"href":"https:\/\/summerdesign.ee\/en\/wp-json\/wp\/v2\/product_cat?post=5643"},{"taxonomy":"product_tag","embeddable":true,"href":"https:\/\/summerdesign.ee\/en\/wp-json\/wp\/v2\/product_tag?post=5643"}],"curies":[{"name":"wp","href":"https:\/\/api.w.org\/{rel}","templated":true}]}}