{"id":5611,"date":"2022-09-23T18:15:57","date_gmt":"2022-09-23T15:15:57","guid":{"rendered":"https:\/\/summerdesign.ee\/toode\/vinuulkleebis-laikiv-valge-2\/"},"modified":"2026-04-12T03:00:09","modified_gmt":"2026-04-12T00:00:09","slug":"vinuulkleebis-laikiv-valge-2","status":"publish","type":"product","link":"https:\/\/summerdesign.ee\/en\/pood\/vinuulkleebis\/sileda-pinnaga-vinuulkleebised\/vinuulkleebis-laikiv-valge-2\/","title":{"rendered":"Vin\u00fc\u00fclkleebis l\u00e4ikiv 30,5 x 122 cm &#8211; valge"},"content":{"rendered":"<p>Vin\u00fc\u00fclkleebis on \u00f5huke, kergesti kleebitav ja v\u00e4ga vastupidav. Vin\u00fc\u00fclkleebist kanda sobivale pinnale \u00fclekande teibiga. Toodet saab kasutada tassidel, klaasidel, puidul, plastikul, termostel, autodel jne. Sobib nii sise- kui v\u00e4listingimustesse. Ei ole n\u00f5udepesumasina kindel.<br \/>\nBr\u00e4nd: Avery Dennison<\/p>","protected":false},"excerpt":{"rendered":"<p>Vin\u00fc\u00fclkleebis on \u00f5huke, kergesti kleebitav ja v\u00e4ga vastupidav. Vin\u00fc\u00fclkleebist kanda sobivale pinnale \u00fclekande teibiga. Toodet saab kasutada tassidel, klaasidel, puidul, plastikul, termostel, autodel jne. Sobib nii sise- kui v\u00e4listingimustesse. Ei ole n\u00f5udepesumasina kindel. Br\u00e4nd: Avery Dennison<\/p>","protected":false},"featured_media":6019,"template":"","meta":[],"product_brand":[],"product_cat":[536],"product_tag":[],"class_list":{"0":"post-5611","1":"product","2":"type-product","3":"status-publish","4":"has-post-thumbnail","6":"product_cat-sileda-pinnaga-vinuulkleebised","8":"first","9":"instock","10":"taxable","11":"shipping-taxable","12":"purchasable","13":"product-type-simple","14":"prodpage-classic"},"_links":{"self":[{"href":"https:\/\/summerdesign.ee\/en\/wp-json\/wp\/v2\/product\/5611","targetHints":{"allow":["GET"]}}],"collection":[{"href":"https:\/\/summerdesign.ee\/en\/wp-json\/wp\/v2\/product"}],"about":[{"href":"https:\/\/summerdesign.ee\/en\/wp-json\/wp\/v2\/types\/product"}],"wp:featuredmedia":[{"embeddable":true,"href":"https:\/\/summerdesign.ee\/en\/wp-json\/wp\/v2\/media\/6019"}],"wp:attachment":[{"href":"https:\/\/summerdesign.ee\/en\/wp-json\/wp\/v2\/media?parent=5611"}],"wp:term":[{"taxonomy":"product_brand","embeddable":true,"href":"https:\/\/summerdesign.ee\/en\/wp-json\/wp\/v2\/product_brand?post=5611"},{"taxonomy":"product_cat","embeddable":true,"href":"https:\/\/summerdesign.ee\/en\/wp-json\/wp\/v2\/product_cat?post=5611"},{"taxonomy":"product_tag","embeddable":true,"href":"https:\/\/summerdesign.ee\/en\/wp-json\/wp\/v2\/product_tag?post=5611"}],"curies":[{"name":"wp","href":"https:\/\/api.w.org\/{rel}","templated":true}]}}