{"id":5609,"date":"2022-09-23T18:15:56","date_gmt":"2022-09-23T15:15:56","guid":{"rendered":"https:\/\/summerdesign.ee\/toode\/cricut-vinuulkleebis-shimmer-hobe-2\/"},"modified":"2025-10-21T20:24:18","modified_gmt":"2025-10-21T17:24:18","slug":"cricut-vinuulkleebis-shimmer-hobe-2","status":"publish","type":"product","link":"https:\/\/summerdesign.ee\/en\/pood\/ettetellimine\/cricut-tooted-tellimisega\/cricut-vinuulkleebis-shimmer-hobe-2\/","title":{"rendered":"Cricut vin\u00fc\u00fclkleebis shimmer &#8211; h\u00f5be"},"content":{"rendered":"<p>Premium Vinyl\u2122 Shimmer Permanent sobib suurep\u00e4raselt erinevatele siledatele pindadele, klaasn\u00f5ude, kruuside ja muu jaoks. Kasutamiseks k\u00f5igi Cricuti l\u00f5ikemasinatega. \u00dclekandmiseks kasutada tugevat \u00fclekandekile.<br \/>\nPakis: 30.5 cm x 122 cm.<\/p>","protected":false},"excerpt":{"rendered":"<p>Toode on ettetellimisega ja ooteaeg 3-4 n\u00e4dalat!<\/p>","protected":false},"featured_media":7519,"template":"","meta":[],"product_brand":[],"product_cat":[621],"product_tag":[],"class_list":{"0":"post-5609","1":"product","2":"type-product","3":"status-publish","4":"has-post-thumbnail","6":"product_cat-cricut-tooted-tellimisega","8":"first","9":"outofstock","10":"taxable","11":"shipping-taxable","12":"purchasable","13":"product-type-simple","14":"prodpage-classic"},"_links":{"self":[{"href":"https:\/\/summerdesign.ee\/en\/wp-json\/wp\/v2\/product\/5609","targetHints":{"allow":["GET"]}}],"collection":[{"href":"https:\/\/summerdesign.ee\/en\/wp-json\/wp\/v2\/product"}],"about":[{"href":"https:\/\/summerdesign.ee\/en\/wp-json\/wp\/v2\/types\/product"}],"wp:featuredmedia":[{"embeddable":true,"href":"https:\/\/summerdesign.ee\/en\/wp-json\/wp\/v2\/media\/7519"}],"wp:attachment":[{"href":"https:\/\/summerdesign.ee\/en\/wp-json\/wp\/v2\/media?parent=5609"}],"wp:term":[{"taxonomy":"product_brand","embeddable":true,"href":"https:\/\/summerdesign.ee\/en\/wp-json\/wp\/v2\/product_brand?post=5609"},{"taxonomy":"product_cat","embeddable":true,"href":"https:\/\/summerdesign.ee\/en\/wp-json\/wp\/v2\/product_cat?post=5609"},{"taxonomy":"product_tag","embeddable":true,"href":"https:\/\/summerdesign.ee\/en\/wp-json\/wp\/v2\/product_tag?post=5609"}],"curies":[{"name":"wp","href":"https:\/\/api.w.org\/{rel}","templated":true}]}}