{"id":5597,"date":"2022-09-23T18:15:53","date_gmt":"2022-09-23T15:15:53","guid":{"rendered":"https:\/\/summerdesign.ee\/toode\/vinuulkleebis-matt-copper-2\/"},"modified":"2026-02-06T03:00:14","modified_gmt":"2026-02-06T00:00:14","slug":"vinuulkleebis-matt-copper-2","status":"publish","type":"product","link":"https:\/\/summerdesign.ee\/en\/pood\/vinuulkleebis\/sileda-pinnaga-vinuulkleebised\/vinuulkleebis-matt-copper-2\/","title":{"rendered":"Vin\u00fc\u00fclkleebis matt &#8211; copper"},"content":{"rendered":"<p>Vin\u00fc\u00fclkleebis on \u00f5huke, kergesti kleebitav ja v\u00e4ga vastupidav. Vin\u00fc\u00fclkleebist kanda sobivale pinnale \u00fclekande teibiga. Toodet saab kasutada tassidel, klaasidel, puidul, plastikul, termostel, autodel jne. Sobib nii sise- kui v\u00e4listingimustesse. Ei ole n\u00f5udepesumasina kindel.<br \/>\nBr\u00e4nd: Oracal<\/p>","protected":false},"excerpt":{"rendered":"<p>Tarneaeg: 1-3 t\u00f6\u00f6p\u00e4eva<br \/>\nM\u00f5\u00f5dud: 30,5 x 122 cm<\/p>","protected":false},"featured_media":6024,"template":"","meta":[],"product_brand":[],"product_cat":[536],"product_tag":[],"class_list":{"0":"post-5597","1":"product","2":"type-product","3":"status-publish","4":"has-post-thumbnail","6":"product_cat-sileda-pinnaga-vinuulkleebised","8":"first","9":"instock","10":"taxable","11":"shipping-taxable","12":"purchasable","13":"product-type-simple","14":"prodpage-classic"},"_links":{"self":[{"href":"https:\/\/summerdesign.ee\/en\/wp-json\/wp\/v2\/product\/5597","targetHints":{"allow":["GET"]}}],"collection":[{"href":"https:\/\/summerdesign.ee\/en\/wp-json\/wp\/v2\/product"}],"about":[{"href":"https:\/\/summerdesign.ee\/en\/wp-json\/wp\/v2\/types\/product"}],"wp:featuredmedia":[{"embeddable":true,"href":"https:\/\/summerdesign.ee\/en\/wp-json\/wp\/v2\/media\/6024"}],"wp:attachment":[{"href":"https:\/\/summerdesign.ee\/en\/wp-json\/wp\/v2\/media?parent=5597"}],"wp:term":[{"taxonomy":"product_brand","embeddable":true,"href":"https:\/\/summerdesign.ee\/en\/wp-json\/wp\/v2\/product_brand?post=5597"},{"taxonomy":"product_cat","embeddable":true,"href":"https:\/\/summerdesign.ee\/en\/wp-json\/wp\/v2\/product_cat?post=5597"},{"taxonomy":"product_tag","embeddable":true,"href":"https:\/\/summerdesign.ee\/en\/wp-json\/wp\/v2\/product_tag?post=5597"}],"curies":[{"name":"wp","href":"https:\/\/api.w.org\/{rel}","templated":true}]}}