{"id":5589,"date":"2022-09-23T15:15:47","date_gmt":"2022-09-23T15:15:47","guid":{"rendered":"https:\/\/summerdesign.ee\/toode\/glitterkartong-a4-turquoise-lake-2\/"},"modified":"2026-02-28T18:56:01","modified_gmt":"2026-02-28T15:56:01","slug":"glitterkartong-a4-250-g-1-leht-turquoise-lake","status":"publish","type":"product","link":"https:\/\/summerdesign.ee\/en\/pood\/paber\/glitterkartong\/glitterkartong-a4-250-g-1-leht-turquoise-lake\/","title":{"rendered":"Glitterkartong A4 250 g 1 leht &#8211; turquoise lake"},"content":{"rendered":"<p>Glitterkartong s\u00e4delevama glitteriga.<\/p>\n<p>M\u00f5\u00f5t: A4, 250g.<\/p>","protected":false},"excerpt":{"rendered":"<p>Glitterkartong s\u00e4delevama glitteriga. M\u00f5\u00f5t: A4, 250g.<\/p>","protected":false},"featured_media":6253,"template":"","meta":[],"product_brand":[],"product_cat":[281],"product_tag":[],"class_list":{"0":"post-5589","1":"product","2":"type-product","3":"status-publish","4":"has-post-thumbnail","6":"product_cat-glitterkartong","8":"first","9":"instock","10":"taxable","11":"shipping-taxable","12":"purchasable","13":"product-type-simple","14":"prodpage-classic"},"_links":{"self":[{"href":"https:\/\/summerdesign.ee\/en\/wp-json\/wp\/v2\/product\/5589","targetHints":{"allow":["GET"]}}],"collection":[{"href":"https:\/\/summerdesign.ee\/en\/wp-json\/wp\/v2\/product"}],"about":[{"href":"https:\/\/summerdesign.ee\/en\/wp-json\/wp\/v2\/types\/product"}],"wp:featuredmedia":[{"embeddable":true,"href":"https:\/\/summerdesign.ee\/en\/wp-json\/wp\/v2\/media\/6253"}],"wp:attachment":[{"href":"https:\/\/summerdesign.ee\/en\/wp-json\/wp\/v2\/media?parent=5589"}],"wp:term":[{"taxonomy":"product_brand","embeddable":true,"href":"https:\/\/summerdesign.ee\/en\/wp-json\/wp\/v2\/product_brand?post=5589"},{"taxonomy":"product_cat","embeddable":true,"href":"https:\/\/summerdesign.ee\/en\/wp-json\/wp\/v2\/product_cat?post=5589"},{"taxonomy":"product_tag","embeddable":true,"href":"https:\/\/summerdesign.ee\/en\/wp-json\/wp\/v2\/product_tag?post=5589"}],"curies":[{"name":"wp","href":"https:\/\/api.w.org\/{rel}","templated":true}]}}