{"id":5535,"date":"2022-09-23T18:15:31","date_gmt":"2022-09-23T15:15:31","guid":{"rendered":"https:\/\/summerdesign.ee\/toode\/kleebitav-vahapitser-16\/"},"modified":"2026-03-22T16:23:23","modified_gmt":"2026-03-22T13:23:23","slug":"kleebitav-vahapitser-16","status":"publish","type":"product","link":"https:\/\/summerdesign.ee\/en\/pood\/tarvikud\/vahad-ja-vahapitsatid\/kleebitav-vahapitser-16\/","title":{"rendered":"Kleebitav vahapitser 10 tk"},"content":{"rendered":"<p>Vahapitseri tagumisel k\u00fcljel on kleebis, mille abil saab pitseri mugavalt kleepida kutsele v\u00f5i \u00fcmbrikule.<\/p>","protected":false},"excerpt":{"rendered":"<p>M\u00f5\u00f5t: \u00d8 ~3 cm<br \/>\nincluded: 10 pieces<\/p>","protected":false},"featured_media":7540,"template":"","meta":[],"product_brand":[],"product_cat":[543],"product_tag":[],"class_list":{"0":"post-5535","1":"product","2":"type-product","3":"status-publish","4":"has-post-thumbnail","6":"product_cat-vahad-ja-vahapitsatid","8":"first","9":"instock","10":"taxable","11":"shipping-taxable","12":"purchasable","13":"product-type-simple","14":"prodpage-classic"},"_links":{"self":[{"href":"https:\/\/summerdesign.ee\/en\/wp-json\/wp\/v2\/product\/5535","targetHints":{"allow":["GET"]}}],"collection":[{"href":"https:\/\/summerdesign.ee\/en\/wp-json\/wp\/v2\/product"}],"about":[{"href":"https:\/\/summerdesign.ee\/en\/wp-json\/wp\/v2\/types\/product"}],"wp:featuredmedia":[{"embeddable":true,"href":"https:\/\/summerdesign.ee\/en\/wp-json\/wp\/v2\/media\/7540"}],"wp:attachment":[{"href":"https:\/\/summerdesign.ee\/en\/wp-json\/wp\/v2\/media?parent=5535"}],"wp:term":[{"taxonomy":"product_brand","embeddable":true,"href":"https:\/\/summerdesign.ee\/en\/wp-json\/wp\/v2\/product_brand?post=5535"},{"taxonomy":"product_cat","embeddable":true,"href":"https:\/\/summerdesign.ee\/en\/wp-json\/wp\/v2\/product_cat?post=5535"},{"taxonomy":"product_tag","embeddable":true,"href":"https:\/\/summerdesign.ee\/en\/wp-json\/wp\/v2\/product_tag?post=5535"}],"curies":[{"name":"wp","href":"https:\/\/api.w.org\/{rel}","templated":true}]}}