{"id":5520,"date":"2022-09-23T18:15:26","date_gmt":"2022-09-23T15:15:26","guid":{"rendered":"https:\/\/summerdesign.ee\/toode\/kahepoolsed-teibikettad-2\/"},"modified":"2025-10-21T20:20:51","modified_gmt":"2025-10-21T17:20:51","slug":"kahepoolsed-teibikettad-2","status":"publish","type":"product","link":"https:\/\/summerdesign.ee\/en\/pood\/tarvikud\/vahad-ja-vahapitsatid\/kahepoolsed-teibikettad-2\/","title":{"rendered":"Kahepoolsed teibikettad \u00d8 3mm 100 tk"},"content":{"rendered":"<p>Sobivad suurep\u00e4raselt vahapitseri tagumisele k\u00fcljele, et saaksid valmistada pitsereid ette ja hiljem mugavalt kleepida kutsele, kaardile, \u00fcmbrikule jne.<\/p>","protected":false},"excerpt":{"rendered":"<p>M\u00f5\u00f5t: \u00d8 3mm<br \/>\nPakis: 100 tk<\/p>","protected":false},"featured_media":6586,"template":"","meta":[],"product_brand":[],"product_cat":[543],"product_tag":[],"class_list":{"0":"post-5520","1":"product","2":"type-product","3":"status-publish","4":"has-post-thumbnail","6":"product_cat-vahad-ja-vahapitsatid","8":"first","9":"outofstock","10":"taxable","11":"shipping-taxable","12":"purchasable","13":"product-type-simple","14":"prodpage-classic"},"_links":{"self":[{"href":"https:\/\/summerdesign.ee\/en\/wp-json\/wp\/v2\/product\/5520","targetHints":{"allow":["GET"]}}],"collection":[{"href":"https:\/\/summerdesign.ee\/en\/wp-json\/wp\/v2\/product"}],"about":[{"href":"https:\/\/summerdesign.ee\/en\/wp-json\/wp\/v2\/types\/product"}],"wp:featuredmedia":[{"embeddable":true,"href":"https:\/\/summerdesign.ee\/en\/wp-json\/wp\/v2\/media\/6586"}],"wp:attachment":[{"href":"https:\/\/summerdesign.ee\/en\/wp-json\/wp\/v2\/media?parent=5520"}],"wp:term":[{"taxonomy":"product_brand","embeddable":true,"href":"https:\/\/summerdesign.ee\/en\/wp-json\/wp\/v2\/product_brand?post=5520"},{"taxonomy":"product_cat","embeddable":true,"href":"https:\/\/summerdesign.ee\/en\/wp-json\/wp\/v2\/product_cat?post=5520"},{"taxonomy":"product_tag","embeddable":true,"href":"https:\/\/summerdesign.ee\/en\/wp-json\/wp\/v2\/product_tag?post=5520"}],"curies":[{"name":"wp","href":"https:\/\/api.w.org\/{rel}","templated":true}]}}