{"id":5481,"date":"2022-09-23T18:15:11","date_gmt":"2022-09-23T15:15:11","guid":{"rendered":"https:\/\/summerdesign.ee\/toode\/cricut-knife-blade-tera-2\/"},"modified":"2025-10-21T20:26:21","modified_gmt":"2025-10-21T17:26:21","slug":"cricut-knife-blade-tera-2","status":"publish","type":"product","link":"https:\/\/summerdesign.ee\/en\/pood\/cricut\/cricut-knife-blade-tera-2\/","title":{"rendered":"Cricut Knife Blade tera"},"content":{"rendered":"<p>Spetsiaalselt Cricut Makeri ja selle Adaptive Tool System\u2122 jaoks loodud noatera l\u00f5ikab h\u00f5lpsalt ja t\u00e4pselt l\u00e4bi paksemate ja tihedamate materjalide. Ideaalne mahuliste projektide jaoks, nagu pusled, dinosauruste skeletid, mudelid, nahktooted,&nbsp; puitdekoor ja palju muud. &nbsp;Lisage oma projektidele tekstuuri ja dimensiooni. Edukate l\u00f5ikamiste tagamiseks l\u00fclitage enne l\u00f5ikamise alustamist alati arvuti puhkere\u017eiim v\u00e4lja. Kui \u00fchendus katkeb (mis juhtub siis, kui teie arvuti l\u00e4heb &#8220;magama&#8221;) on oht, et tuleb alustada t\u00e4ielikult otsast. NB! Pikemate l\u00f5ikeaegade t\u00f5ttu, mis n\u00f5uavad Bluetooth\u2122-\u00fchendust, ei \u00fchildu Knife Blade&#8217;i projektid iOS-i ja Android-seadmetega. Tera sobib ainult Cricut Maker ja Cricut Maker 3 masinatele! Lisateavet tera kalibreerimise, l\u00f5ikeaegade, materjalide ja muu kohta leiate aadressilt help.cricut.com\/knifeblade.<\/p>","protected":false},"excerpt":{"rendered":"<p>Spetsiaalselt Cricut Makeri ja selle Adaptive Tool System\u2122 jaoks loodud noatera l\u00f5ikab h\u00f5lpsalt ja t\u00e4pselt l\u00e4bi paksemate ja tihedamate materjalide. Ideaalne mahuliste projektide jaoks, nagu pusled, dinosauruste skeletid, mudelid, nahktooted,&nbsp; puitdekoor ja palju muud. &nbsp;Lisage oma projektidele tekstuuri ja dimensiooni. Edukate l\u00f5ikamiste tagamiseks l\u00fclitage enne l\u00f5ikamise alustamist alati arvuti puhkere\u017eiim v\u00e4lja. Kui \u00fchendus katkeb (mis<\/p>","protected":false},"featured_media":6132,"template":"","meta":[],"product_brand":[],"product_cat":[625],"product_tag":[],"class_list":{"0":"post-5481","1":"product","2":"type-product","3":"status-publish","4":"has-post-thumbnail","6":"product_cat-cricut","8":"first","9":"instock","10":"taxable","11":"shipping-taxable","12":"purchasable","13":"product-type-simple","14":"prodpage-classic"},"_links":{"self":[{"href":"https:\/\/summerdesign.ee\/en\/wp-json\/wp\/v2\/product\/5481","targetHints":{"allow":["GET"]}}],"collection":[{"href":"https:\/\/summerdesign.ee\/en\/wp-json\/wp\/v2\/product"}],"about":[{"href":"https:\/\/summerdesign.ee\/en\/wp-json\/wp\/v2\/types\/product"}],"wp:featuredmedia":[{"embeddable":true,"href":"https:\/\/summerdesign.ee\/en\/wp-json\/wp\/v2\/media\/6132"}],"wp:attachment":[{"href":"https:\/\/summerdesign.ee\/en\/wp-json\/wp\/v2\/media?parent=5481"}],"wp:term":[{"taxonomy":"product_brand","embeddable":true,"href":"https:\/\/summerdesign.ee\/en\/wp-json\/wp\/v2\/product_brand?post=5481"},{"taxonomy":"product_cat","embeddable":true,"href":"https:\/\/summerdesign.ee\/en\/wp-json\/wp\/v2\/product_cat?post=5481"},{"taxonomy":"product_tag","embeddable":true,"href":"https:\/\/summerdesign.ee\/en\/wp-json\/wp\/v2\/product_tag?post=5481"}],"curies":[{"name":"wp","href":"https:\/\/api.w.org\/{rel}","templated":true}]}}