{"id":5471,"date":"2022-09-23T18:15:09","date_gmt":"2022-09-23T15:15:09","guid":{"rendered":"https:\/\/summerdesign.ee\/toode\/labipaistev-akruulist-topperi-toorik-o-10cm\/"},"modified":"2025-10-21T20:22:09","modified_gmt":"2025-10-21T17:22:09","slug":"labipaistev-akruulist-topperi-toorik-o-10cm","status":"publish","type":"product","link":"https:\/\/summerdesign.ee\/en\/pood\/tarvikud\/akruulplastist-toorikud\/labipaistev-akruulist-topperi-toorik-o-10cm\/","title":{"rendered":"L\u00e4bipaistev akr\u00fc\u00fclist topperi toorik \u00d8 10cm"},"content":{"rendered":"<p>The transparent topper blank made of thin acrylic is a great base material to decorate according to your wishes with vinyl stickers, papers, paints, etc.&nbsp;<br \/>\nValminud Eestis Summer Design O\u00dc tellimusel!<\/p>\n<p>Tordil oleva topperi autoriks on Ameli O\u00dc<\/p>","protected":false},"excerpt":{"rendered":"<p>\u00dcmar osa: 10 x 10 cm.<br \/>\nVarre osa: 8 cm.<br \/>\nPaksus: 2 mm.<\/p>","protected":false},"featured_media":11589,"template":"","meta":[],"product_brand":[],"product_cat":[275],"product_tag":[],"class_list":{"0":"post-5471","1":"product","2":"type-product","3":"status-publish","4":"has-post-thumbnail","6":"product_cat-akruulplastist-toorikud","8":"first","9":"outofstock","10":"taxable","11":"shipping-taxable","12":"purchasable","13":"product-type-simple","14":"prodpage-classic"},"_links":{"self":[{"href":"https:\/\/summerdesign.ee\/en\/wp-json\/wp\/v2\/product\/5471","targetHints":{"allow":["GET"]}}],"collection":[{"href":"https:\/\/summerdesign.ee\/en\/wp-json\/wp\/v2\/product"}],"about":[{"href":"https:\/\/summerdesign.ee\/en\/wp-json\/wp\/v2\/types\/product"}],"wp:featuredmedia":[{"embeddable":true,"href":"https:\/\/summerdesign.ee\/en\/wp-json\/wp\/v2\/media\/11589"}],"wp:attachment":[{"href":"https:\/\/summerdesign.ee\/en\/wp-json\/wp\/v2\/media?parent=5471"}],"wp:term":[{"taxonomy":"product_brand","embeddable":true,"href":"https:\/\/summerdesign.ee\/en\/wp-json\/wp\/v2\/product_brand?post=5471"},{"taxonomy":"product_cat","embeddable":true,"href":"https:\/\/summerdesign.ee\/en\/wp-json\/wp\/v2\/product_cat?post=5471"},{"taxonomy":"product_tag","embeddable":true,"href":"https:\/\/summerdesign.ee\/en\/wp-json\/wp\/v2\/product_tag?post=5471"}],"curies":[{"name":"wp","href":"https:\/\/api.w.org\/{rel}","templated":true}]}}