{"id":5440,"date":"2022-09-23T18:14:59","date_gmt":"2022-09-23T15:14:59","guid":{"rendered":"https:\/\/summerdesign.ee\/toode\/mahulised-teibipadjad-5-x-5-x-1-mm-2\/"},"modified":"2025-10-21T20:25:16","modified_gmt":"2025-10-21T17:25:16","slug":"mahulised-teibipadjad-5-x-5-x-1-mm-2","status":"publish","type":"product","link":"https:\/\/summerdesign.ee\/en\/pood\/tarvikud\/teibid-ja-liimid\/mahulised-teibipadjad-5-x-5-x-1-mm-2\/","title":{"rendered":"Mahulised teibipadjad 5 x 5 x 1 mm"},"content":{"rendered":"<p style=\"margin: 0px 0px 20px;, Helvetica, sans-serif\">Mahulised teibipatjade abil on mugav tekitada 3D efekte topperitel, kaartidel, b\u00e4nneritel jne.<\/p>\n<p style=\"margin: 0px 0px 20px;, Helvetica, sans-serif\">&nbsp;<\/p>","protected":false},"excerpt":{"rendered":"<p>M\u00f5\u00f5t: 5 x 5 mm, k\u00f5rgus 1 mm<br \/>\nPakis: 400 teibipatja<\/p>","protected":false},"featured_media":6008,"template":"","meta":[],"product_brand":[],"product_cat":[283],"product_tag":[],"class_list":{"0":"post-5440","1":"product","2":"type-product","3":"status-publish","4":"has-post-thumbnail","6":"product_cat-teibid-ja-liimid","8":"first","9":"outofstock","10":"taxable","11":"shipping-taxable","12":"purchasable","13":"product-type-simple","14":"prodpage-classic"},"_links":{"self":[{"href":"https:\/\/summerdesign.ee\/en\/wp-json\/wp\/v2\/product\/5440","targetHints":{"allow":["GET"]}}],"collection":[{"href":"https:\/\/summerdesign.ee\/en\/wp-json\/wp\/v2\/product"}],"about":[{"href":"https:\/\/summerdesign.ee\/en\/wp-json\/wp\/v2\/types\/product"}],"wp:featuredmedia":[{"embeddable":true,"href":"https:\/\/summerdesign.ee\/en\/wp-json\/wp\/v2\/media\/6008"}],"wp:attachment":[{"href":"https:\/\/summerdesign.ee\/en\/wp-json\/wp\/v2\/media?parent=5440"}],"wp:term":[{"taxonomy":"product_brand","embeddable":true,"href":"https:\/\/summerdesign.ee\/en\/wp-json\/wp\/v2\/product_brand?post=5440"},{"taxonomy":"product_cat","embeddable":true,"href":"https:\/\/summerdesign.ee\/en\/wp-json\/wp\/v2\/product_cat?post=5440"},{"taxonomy":"product_tag","embeddable":true,"href":"https:\/\/summerdesign.ee\/en\/wp-json\/wp\/v2\/product_tag?post=5440"}],"curies":[{"name":"wp","href":"https:\/\/api.w.org\/{rel}","templated":true}]}}