{"id":5420,"date":"2022-09-23T18:14:51","date_gmt":"2022-09-23T15:14:51","guid":{"rendered":"https:\/\/summerdesign.ee\/toode\/cricut-easy-kuumpress-masin-4\/"},"modified":"2026-01-31T20:19:03","modified_gmt":"2026-01-31T17:19:03","slug":"cricut-easy-kuumpress-masin-4","status":"publish","type":"product","link":"https:\/\/summerdesign.ee\/en\/pood\/ettetellimine\/cricut-tooted-tellimisega\/cricut-easy-kuumpress-masin-4\/","title":{"rendered":"Cricut Easy kuumpress masin"},"content":{"rendered":"<p>\u00dchendades kuumpressi kiiruse ja triikraua mugavuse, annab Cricut Easy kuumpress masin teile kiireid ja veatuid tulemusi, mis p\u00fcsivad isegi p\u00e4rast korduvat pesu. Mugav temperatuuri ja aja seaded teevad t\u00f6\u00f6tamise \u00fclimugavaks. Kasulike turvafunktsioonide hulka kuuluvad kuumakindel alus masinal ja automaatne v\u00e4ljal\u00fclitusfunktsioon. Kuumpress masin on kerge, kaasaskantav, h\u00f5lpsasti hoiustatav. Sobib kasutamiseks enamiku tuntud triigitavate kleebistega. Masina kuumaplaat on 22,5 x 22,5 cm suuruses, mis sobib ideaalselt tavaliste T-s\u00e4rkide, kandekottide, patjade, p\u00f5llede jne. Maksimaalne temperatuur masinal on 205\u00b0C. Masina ostuga kaasneb soovi korral l\u00fchike tutvustus!<\/p>","protected":false},"excerpt":{"rendered":"<p>Toode on ettetellimisega ja ooteaeg on 10-14 t\u00f6\u00f6p\u00e4eva!<\/p>\n<p>Masina tellijale pakume tutvustavat koolitust meie Tallinna stuudios.<\/p>","protected":false},"featured_media":6634,"template":"","meta":[],"product_brand":[],"product_cat":[621],"product_tag":[],"class_list":{"0":"post-5420","1":"product","2":"type-product","3":"status-publish","4":"has-post-thumbnail","6":"product_cat-cricut-tooted-tellimisega","8":"first","9":"onbackorder","10":"taxable","11":"shipping-taxable","12":"purchasable","13":"product-type-simple","14":"prodpage-classic"},"_links":{"self":[{"href":"https:\/\/summerdesign.ee\/en\/wp-json\/wp\/v2\/product\/5420","targetHints":{"allow":["GET"]}}],"collection":[{"href":"https:\/\/summerdesign.ee\/en\/wp-json\/wp\/v2\/product"}],"about":[{"href":"https:\/\/summerdesign.ee\/en\/wp-json\/wp\/v2\/types\/product"}],"wp:featuredmedia":[{"embeddable":true,"href":"https:\/\/summerdesign.ee\/en\/wp-json\/wp\/v2\/media\/6634"}],"wp:attachment":[{"href":"https:\/\/summerdesign.ee\/en\/wp-json\/wp\/v2\/media?parent=5420"}],"wp:term":[{"taxonomy":"product_brand","embeddable":true,"href":"https:\/\/summerdesign.ee\/en\/wp-json\/wp\/v2\/product_brand?post=5420"},{"taxonomy":"product_cat","embeddable":true,"href":"https:\/\/summerdesign.ee\/en\/wp-json\/wp\/v2\/product_cat?post=5420"},{"taxonomy":"product_tag","embeddable":true,"href":"https:\/\/summerdesign.ee\/en\/wp-json\/wp\/v2\/product_tag?post=5420"}],"curies":[{"name":"wp","href":"https:\/\/api.w.org\/{rel}","templated":true}]}}