{"id":5396,"date":"2022-09-23T18:14:44","date_gmt":"2022-09-23T15:14:44","guid":{"rendered":"https:\/\/summerdesign.ee\/toode\/triigitav-kleebis-hobe\/"},"modified":"2026-02-15T03:00:08","modified_gmt":"2026-02-15T00:00:08","slug":"triigitav-kleebis-hobe","status":"publish","type":"product","link":"https:\/\/summerdesign.ee\/en\/pood\/triigitav-kleebis\/sileda-pinnaga\/triigitav-kleebis-hobe\/","title":{"rendered":"Triigitav kleebis &#8211; metallik h\u00f5be"},"content":{"rendered":"<p>Triigitav kleebis on \u00f5huke ja paidlik ning vastupidav. Sobib suurep\u00e4raselt kergete aktiivr\u00f5ivaste, kottide jne disainimiseks. Triigitav kleebis on kaheosaline: pealmine osa on l\u00f5igatav ja triigitav ning alumine osa on \u00fclekandekile, mis hoiab triigitava kleebise \u00fclekandmise ajal paigal.<br \/>\nPoolmatt viimistlus.<br \/>\nNot suitable for layered two-color designs!<br \/>\nIron-on sticker and fabric compatibility: 100% cotton, 100% polyester, cotton and polyester blends, lycra and spandex blends and nylon.<br \/>\nKuumus: 130kraadi 10sekundit. Pealmine kile eemaldada kuumalt! Triikrauaga keskmise kuumusega (kaks t\u00e4ppi).<br \/>\nMasinpesu seestpoolt, kasutades pehmet pesuvahendit. \u00c4rge kasutage valgendit, kuivatit! \u00c4rge puhastage keemiliselt. See k\u00f5ik tagab pikaajalise vastupidavuse kujundusele.<\/p>","protected":false},"excerpt":{"rendered":"<p>Tarnaeg: 1-3 t\u00f6\u00f6p\u00e4eva<br \/>\nSize: 30.5 x 50 cm<\/p>","protected":false},"featured_media":6045,"template":"","meta":[],"product_brand":[],"product_cat":[533],"product_tag":[],"class_list":{"0":"post-5396","1":"product","2":"type-product","3":"status-publish","4":"has-post-thumbnail","6":"product_cat-sileda-pinnaga","8":"first","9":"instock","10":"taxable","11":"shipping-taxable","12":"purchasable","13":"product-type-simple","14":"prodpage-classic"},"_links":{"self":[{"href":"https:\/\/summerdesign.ee\/en\/wp-json\/wp\/v2\/product\/5396","targetHints":{"allow":["GET"]}}],"collection":[{"href":"https:\/\/summerdesign.ee\/en\/wp-json\/wp\/v2\/product"}],"about":[{"href":"https:\/\/summerdesign.ee\/en\/wp-json\/wp\/v2\/types\/product"}],"wp:featuredmedia":[{"embeddable":true,"href":"https:\/\/summerdesign.ee\/en\/wp-json\/wp\/v2\/media\/6045"}],"wp:attachment":[{"href":"https:\/\/summerdesign.ee\/en\/wp-json\/wp\/v2\/media?parent=5396"}],"wp:term":[{"taxonomy":"product_brand","embeddable":true,"href":"https:\/\/summerdesign.ee\/en\/wp-json\/wp\/v2\/product_brand?post=5396"},{"taxonomy":"product_cat","embeddable":true,"href":"https:\/\/summerdesign.ee\/en\/wp-json\/wp\/v2\/product_cat?post=5396"},{"taxonomy":"product_tag","embeddable":true,"href":"https:\/\/summerdesign.ee\/en\/wp-json\/wp\/v2\/product_tag?post=5396"}],"curies":[{"name":"wp","href":"https:\/\/api.w.org\/{rel}","templated":true}]}}