{"id":5383,"date":"2022-09-23T18:14:37","date_gmt":"2022-09-23T15:14:37","guid":{"rendered":"https:\/\/summerdesign.ee\/toode\/cricut-lilla-loikematt-2\/"},"modified":"2026-05-12T03:00:45","modified_gmt":"2026-05-12T00:00:45","slug":"cricut-lilla-loikematt-2","status":"publish","type":"product","link":"https:\/\/summerdesign.ee\/en\/pood\/cricut\/cricut-lilla-loikematt-2\/","title":{"rendered":"Cricut lilla l\u00f5ikematt"},"content":{"rendered":"<p>Cricut mattide sarja k\u00f5ige tugevama liimikihiga matt, mis sobib paksemate materjalide l\u00f5ikamiseks. Pakis on 1 matt. M\u00f5\u00f5t: 30,5 x 30,5 cm<\/p>","protected":false},"excerpt":{"rendered":"<p>Cricut mattide sarja k\u00f5ige tugevama liimikihiga matt, mis sobib paksemate materjalide l\u00f5ikamiseks. Pakis on 1 matt. M\u00f5\u00f5t: 30,5 x 30,5 cm<\/p>","protected":false},"featured_media":6134,"template":"","meta":[],"product_brand":[],"product_cat":[625],"product_tag":[],"class_list":{"0":"post-5383","1":"product","2":"type-product","3":"status-publish","4":"has-post-thumbnail","6":"product_cat-cricut","8":"first","9":"instock","10":"taxable","11":"shipping-taxable","12":"purchasable","13":"product-type-simple","14":"prodpage-classic"},"_links":{"self":[{"href":"https:\/\/summerdesign.ee\/en\/wp-json\/wp\/v2\/product\/5383","targetHints":{"allow":["GET"]}}],"collection":[{"href":"https:\/\/summerdesign.ee\/en\/wp-json\/wp\/v2\/product"}],"about":[{"href":"https:\/\/summerdesign.ee\/en\/wp-json\/wp\/v2\/types\/product"}],"wp:featuredmedia":[{"embeddable":true,"href":"https:\/\/summerdesign.ee\/en\/wp-json\/wp\/v2\/media\/6134"}],"wp:attachment":[{"href":"https:\/\/summerdesign.ee\/en\/wp-json\/wp\/v2\/media?parent=5383"}],"wp:term":[{"taxonomy":"product_brand","embeddable":true,"href":"https:\/\/summerdesign.ee\/en\/wp-json\/wp\/v2\/product_brand?post=5383"},{"taxonomy":"product_cat","embeddable":true,"href":"https:\/\/summerdesign.ee\/en\/wp-json\/wp\/v2\/product_cat?post=5383"},{"taxonomy":"product_tag","embeddable":true,"href":"https:\/\/summerdesign.ee\/en\/wp-json\/wp\/v2\/product_tag?post=5383"}],"curies":[{"name":"wp","href":"https:\/\/api.w.org\/{rel}","templated":true}]}}