{"id":5376,"date":"2022-09-23T18:14:35","date_gmt":"2022-09-23T15:14:35","guid":{"rendered":"https:\/\/summerdesign.ee\/toode\/kleebitav-vahapitser-12\/"},"modified":"2026-03-18T03:00:09","modified_gmt":"2026-03-18T00:00:09","slug":"kleebitav-vahapitser-12","status":"publish","type":"product","link":"https:\/\/summerdesign.ee\/en\/pood\/tarvikud\/vahad-ja-vahapitsatid\/kleebitav-vahapitser-12\/","title":{"rendered":"Kleebitav vahapitser 10 tk"},"content":{"rendered":"<p>Vahapitseri tagumisel k\u00fcljel on kleebis, mille abil saab pitseri mugavalt kleepida kutsele v\u00f5i \u00fcmbrikule.<\/p>","protected":false},"excerpt":{"rendered":"<p>Kohe olemas!<\/p>\n<p>M\u00f5\u00f5t: \u00d8 ~3 cm<br \/>\nincluded: 10 pieces<\/p>","protected":false},"featured_media":7542,"template":"","meta":[],"product_brand":[],"product_cat":[543],"product_tag":[],"class_list":{"0":"post-5376","1":"product","2":"type-product","3":"status-publish","4":"has-post-thumbnail","6":"product_cat-vahad-ja-vahapitsatid","8":"first","9":"outofstock","10":"taxable","11":"shipping-taxable","12":"purchasable","13":"product-type-simple","14":"prodpage-classic"},"_links":{"self":[{"href":"https:\/\/summerdesign.ee\/en\/wp-json\/wp\/v2\/product\/5376","targetHints":{"allow":["GET"]}}],"collection":[{"href":"https:\/\/summerdesign.ee\/en\/wp-json\/wp\/v2\/product"}],"about":[{"href":"https:\/\/summerdesign.ee\/en\/wp-json\/wp\/v2\/types\/product"}],"wp:featuredmedia":[{"embeddable":true,"href":"https:\/\/summerdesign.ee\/en\/wp-json\/wp\/v2\/media\/7542"}],"wp:attachment":[{"href":"https:\/\/summerdesign.ee\/en\/wp-json\/wp\/v2\/media?parent=5376"}],"wp:term":[{"taxonomy":"product_brand","embeddable":true,"href":"https:\/\/summerdesign.ee\/en\/wp-json\/wp\/v2\/product_brand?post=5376"},{"taxonomy":"product_cat","embeddable":true,"href":"https:\/\/summerdesign.ee\/en\/wp-json\/wp\/v2\/product_cat?post=5376"},{"taxonomy":"product_tag","embeddable":true,"href":"https:\/\/summerdesign.ee\/en\/wp-json\/wp\/v2\/product_tag?post=5376"}],"curies":[{"name":"wp","href":"https:\/\/api.w.org\/{rel}","templated":true}]}}