{"id":5359,"date":"2022-09-23T18:14:29","date_gmt":"2022-09-23T15:14:29","guid":{"rendered":"https:\/\/summerdesign.ee\/toode\/kaisutekk-mommi-2\/"},"modified":"2025-10-21T20:25:41","modified_gmt":"2025-10-21T17:25:41","slug":"kaisutekk-mommi-2","status":"publish","type":"product","link":"https:\/\/summerdesign.ee\/en\/pood\/iron-on\/kaisutekk-mommi-2\/","title":{"rendered":"Kaisutekk m\u00f5mmi"},"content":{"rendered":"<p>Pehme kaisutekk beebip\u00f5lve m\u00e4nguasi, mis loob turvatunde esimestest elup\u00e4evadest alates. Kaisutekki on v\u00f5imalik personaliseerida lisades kuumpress meetodil triigitavate kleebistega nime ja ka nt s\u00fcnniaja.&nbsp;<br \/>\nKaisuteki hooldus: k\u00e4sipesu.<\/p>","protected":false},"excerpt":{"rendered":"<p>Looma k\u00f5rgus on 11 cm, teki m\u00f5\u00f5t 23 x 23 cm<\/p>","protected":false},"featured_media":6010,"template":"","meta":[],"product_brand":[],"product_cat":[15],"product_tag":[],"class_list":{"0":"post-5359","1":"product","2":"type-product","3":"status-publish","4":"has-post-thumbnail","6":"product_cat-iron-on","8":"first","9":"outofstock","10":"taxable","11":"shipping-taxable","12":"purchasable","13":"product-type-simple","14":"prodpage-classic"},"_links":{"self":[{"href":"https:\/\/summerdesign.ee\/en\/wp-json\/wp\/v2\/product\/5359","targetHints":{"allow":["GET"]}}],"collection":[{"href":"https:\/\/summerdesign.ee\/en\/wp-json\/wp\/v2\/product"}],"about":[{"href":"https:\/\/summerdesign.ee\/en\/wp-json\/wp\/v2\/types\/product"}],"wp:featuredmedia":[{"embeddable":true,"href":"https:\/\/summerdesign.ee\/en\/wp-json\/wp\/v2\/media\/6010"}],"wp:attachment":[{"href":"https:\/\/summerdesign.ee\/en\/wp-json\/wp\/v2\/media?parent=5359"}],"wp:term":[{"taxonomy":"product_brand","embeddable":true,"href":"https:\/\/summerdesign.ee\/en\/wp-json\/wp\/v2\/product_brand?post=5359"},{"taxonomy":"product_cat","embeddable":true,"href":"https:\/\/summerdesign.ee\/en\/wp-json\/wp\/v2\/product_cat?post=5359"},{"taxonomy":"product_tag","embeddable":true,"href":"https:\/\/summerdesign.ee\/en\/wp-json\/wp\/v2\/product_tag?post=5359"}],"curies":[{"name":"wp","href":"https:\/\/api.w.org\/{rel}","templated":true}]}}