{"id":5348,"date":"2022-09-23T18:14:26","date_gmt":"2022-09-23T15:14:26","guid":{"rendered":"https:\/\/summerdesign.ee\/toode\/triigitav-kleebis-helebeez-2\/"},"modified":"2025-12-12T03:00:09","modified_gmt":"2025-12-12T00:00:09","slug":"triigitav-kleebis-helebeez-2","status":"publish","type":"product","link":"https:\/\/summerdesign.ee\/en\/pood\/triigitav-kleebis\/sileda-pinnaga\/triigitav-kleebis-helebeez-2\/","title":{"rendered":"Light beige"},"content":{"rendered":"<p>The iron-on sticker is thin and flexible and durable. Perfect for designing lightweight active clothing, bags, etc. The iron-on transfer sticker has two parts: the upper part is cut and iron-on, and the lower part is a transfer film that holds the iron-on transfer sticker in place during transfer. Semi-matte finish. Not suitable for layered two-color designs!<br \/>\nIron-on sticker and fabric compatibility: 100% cotton, 100% polyester, cotton and polyester blends, lycra and spandex blends and nylon.<br \/>\nKuumus: 130kraadi 10sekundit. Pealmine kile eemaldada kuumalt! Triikrauaga keskmise kuumusega (kaks t\u00e4ppi).<br \/>\nMasinpesu seestpoolt, kasutades pehmet pesuvahendit. \u00c4rge kasutage valgendit, kuivatit! \u00c4rge puhastage keemiliselt. See k\u00f5ik tagab pikaajalise vastupidavuse kujundusele.<\/p>","protected":false},"excerpt":{"rendered":"<p>Tarneaeg: 1-3 t\u00f6\u00f6p\u00e4eva<br \/>\nSize: 30.5 x 50 cm<\/p>","protected":false},"featured_media":6040,"template":"","meta":[],"product_brand":[],"product_cat":[533],"product_tag":[],"class_list":{"0":"post-5348","1":"product","2":"type-product","3":"status-publish","4":"has-post-thumbnail","6":"product_cat-sileda-pinnaga","8":"first","9":"instock","10":"taxable","11":"shipping-taxable","12":"purchasable","13":"product-type-simple","14":"prodpage-classic"},"_links":{"self":[{"href":"https:\/\/summerdesign.ee\/en\/wp-json\/wp\/v2\/product\/5348","targetHints":{"allow":["GET"]}}],"collection":[{"href":"https:\/\/summerdesign.ee\/en\/wp-json\/wp\/v2\/product"}],"about":[{"href":"https:\/\/summerdesign.ee\/en\/wp-json\/wp\/v2\/types\/product"}],"wp:featuredmedia":[{"embeddable":true,"href":"https:\/\/summerdesign.ee\/en\/wp-json\/wp\/v2\/media\/6040"}],"wp:attachment":[{"href":"https:\/\/summerdesign.ee\/en\/wp-json\/wp\/v2\/media?parent=5348"}],"wp:term":[{"taxonomy":"product_brand","embeddable":true,"href":"https:\/\/summerdesign.ee\/en\/wp-json\/wp\/v2\/product_brand?post=5348"},{"taxonomy":"product_cat","embeddable":true,"href":"https:\/\/summerdesign.ee\/en\/wp-json\/wp\/v2\/product_cat?post=5348"},{"taxonomy":"product_tag","embeddable":true,"href":"https:\/\/summerdesign.ee\/en\/wp-json\/wp\/v2\/product_tag?post=5348"}],"curies":[{"name":"wp","href":"https:\/\/api.w.org\/{rel}","templated":true}]}}