{"id":5337,"date":"2022-09-23T15:14:22","date_gmt":"2022-09-23T15:14:22","guid":{"rendered":"https:\/\/summerdesign.ee\/toode\/cricut-premium-vahetustera-2\/"},"modified":"2026-04-17T12:30:32","modified_gmt":"2026-04-17T09:30:32","slug":"cricut-premium-vahetustera-2","status":"publish","type":"product","link":"https:\/\/summerdesign.ee\/en\/pood\/cricut\/cricut-premium-vahetustera-2\/","title":{"rendered":"Cricut Premium vahetustera"},"content":{"rendered":"<p>Cricut Premium vahetustera on m\u00f5eldud \u00f5hemate ja keskmise paksusega materjalide l\u00f5ikamiseks. Sobib kartongi, vin\u00fc\u00fcl ja triigitavate kleebiste ning \u00f5hemate kangaste l\u00f5ikamiseks. Sobib Cricut Maker ja Cricut Explore masinatele! Pakis on 1 vahetustera.<\/p>","protected":false},"excerpt":{"rendered":"<p>Cricut Premium vahetustera on m\u00f5eldud \u00f5hemate ja keskmise paksusega materjalide l\u00f5ikamiseks. Sobib kartongi, vin\u00fc\u00fcl ja triigitavate kleebiste ning \u00f5hemate kangaste l\u00f5ikamiseks. Sobib Cricut Maker ja Cricut Explore masinatele! Pakis on 1 vahetustera.<\/p>","protected":false},"featured_media":6140,"template":"","meta":[],"product_brand":[],"product_cat":[625],"product_tag":[],"class_list":{"0":"post-5337","1":"product","2":"type-product","3":"status-publish","4":"has-post-thumbnail","6":"product_cat-cricut","8":"first","9":"instock","10":"taxable","11":"shipping-taxable","12":"purchasable","13":"product-type-simple","14":"prodpage-classic"},"_links":{"self":[{"href":"https:\/\/summerdesign.ee\/en\/wp-json\/wp\/v2\/product\/5337","targetHints":{"allow":["GET"]}}],"collection":[{"href":"https:\/\/summerdesign.ee\/en\/wp-json\/wp\/v2\/product"}],"about":[{"href":"https:\/\/summerdesign.ee\/en\/wp-json\/wp\/v2\/types\/product"}],"wp:featuredmedia":[{"embeddable":true,"href":"https:\/\/summerdesign.ee\/en\/wp-json\/wp\/v2\/media\/6140"}],"wp:attachment":[{"href":"https:\/\/summerdesign.ee\/en\/wp-json\/wp\/v2\/media?parent=5337"}],"wp:term":[{"taxonomy":"product_brand","embeddable":true,"href":"https:\/\/summerdesign.ee\/en\/wp-json\/wp\/v2\/product_brand?post=5337"},{"taxonomy":"product_cat","embeddable":true,"href":"https:\/\/summerdesign.ee\/en\/wp-json\/wp\/v2\/product_cat?post=5337"},{"taxonomy":"product_tag","embeddable":true,"href":"https:\/\/summerdesign.ee\/en\/wp-json\/wp\/v2\/product_tag?post=5337"}],"curies":[{"name":"wp","href":"https:\/\/api.w.org\/{rel}","templated":true}]}}