{"id":5312,"date":"2022-09-23T18:14:14","date_gmt":"2022-09-23T15:14:14","guid":{"rendered":"https:\/\/summerdesign.ee\/toode\/triigitav-kleebis-glitter-magenta\/"},"modified":"2026-03-15T17:20:42","modified_gmt":"2026-03-15T14:20:42","slug":"triigitav-kleebis-glitter-magenta","status":"publish","type":"product","link":"https:\/\/summerdesign.ee\/en\/pood\/triigitav-kleebis\/glitter-ja-holo-pinnaga\/triigitav-kleebis-glitter-magenta\/","title":{"rendered":"Glitter magenta"},"content":{"rendered":"<p>Triigitav kleebis on paidlik ning vastupidav. Sobib suurep\u00e4raselt r\u00f5ivaste, kottide jne disainimiseks. Triigitav kleebis on kaheosaline: pealmine osa on l\u00f5igatav ja triigitav ning alumine osa on \u00fclekandekile, mis hoiab triigitava kleebise \u00fclekandmise ajal paigal. Ei sobi h\u00e4sti kihiliste kahev\u00e4rviliste kujunduste jaoks! Triigitava kleebise ja kanga \u00fchilduvus: 100% puuvill, 100% pol\u00fcester, puuvill ja pol\u00fcester segud Kuumus: 150kraadi 10sekundit. Pealmine kile eemaldada kuumalt! Triikrauaga keskmise kuumusega (kaks t\u00e4ppi). Masinpesu seestpoolt, kasutades pehmet pesuvahendit. NB! \u00c4rge kasutage valgendit, kuivatit! \u00c4rge puhastage keemiliselt. See k\u00f5ik tagab pikaajalise vastupidavuse kujundusele.<\/p>","protected":false},"excerpt":{"rendered":"<p>Tarneaeg: 1-3 t\u00f6\u00f6p\u00e4eva<br \/>\nM\u00f5\u00f5t: 30,5 x 50 cm<\/p>","protected":false},"featured_media":13445,"template":"","meta":[],"product_brand":[],"product_cat":[534],"product_tag":[],"class_list":{"0":"post-5312","1":"product","2":"type-product","3":"status-publish","4":"has-post-thumbnail","6":"product_cat-glitter-ja-holo-pinnaga","8":"first","9":"instock","10":"taxable","11":"shipping-taxable","12":"purchasable","13":"product-type-simple","14":"prodpage-classic"},"_links":{"self":[{"href":"https:\/\/summerdesign.ee\/en\/wp-json\/wp\/v2\/product\/5312","targetHints":{"allow":["GET"]}}],"collection":[{"href":"https:\/\/summerdesign.ee\/en\/wp-json\/wp\/v2\/product"}],"about":[{"href":"https:\/\/summerdesign.ee\/en\/wp-json\/wp\/v2\/types\/product"}],"wp:featuredmedia":[{"embeddable":true,"href":"https:\/\/summerdesign.ee\/en\/wp-json\/wp\/v2\/media\/13445"}],"wp:attachment":[{"href":"https:\/\/summerdesign.ee\/en\/wp-json\/wp\/v2\/media?parent=5312"}],"wp:term":[{"taxonomy":"product_brand","embeddable":true,"href":"https:\/\/summerdesign.ee\/en\/wp-json\/wp\/v2\/product_brand?post=5312"},{"taxonomy":"product_cat","embeddable":true,"href":"https:\/\/summerdesign.ee\/en\/wp-json\/wp\/v2\/product_cat?post=5312"},{"taxonomy":"product_tag","embeddable":true,"href":"https:\/\/summerdesign.ee\/en\/wp-json\/wp\/v2\/product_tag?post=5312"}],"curies":[{"name":"wp","href":"https:\/\/api.w.org\/{rel}","templated":true}]}}